{"id":72,"date":"2024-10-23T14:37:33","date_gmt":"2024-10-23T12:37:33","guid":{"rendered":"https:\/\/mitdk-akh3f7ajhwc2esfk.swedencentral-01.azurewebsites.net\/?page_id=72"},"modified":"2024-12-17T09:40:06","modified_gmt":"2024-12-17T08:40:06","slug":"hvad-er-mit-dk","status":"publish","type":"page","link":"https:\/\/mit.dk\/en\/hvad-er-mit-dk","title":{"rendered":"What is mit.dk"},"content":{"rendered":"<h1>\n\t\tMore than a digital mailbox\n\t<\/h1>\n\t\t\t\t<img loading=\"lazy\" decoding=\"async\" src=\"\/wp-content\/uploads\/fam_strand.jpg\" alt=\"Familie g\u00e5r tur p\u00e5 en strand\" itemprop=\"image\" height=\"853\" width=\"1280\" title=\"fam_strand\" onerror=\"this.style.display='none'\"  \/>\n\t<h2>For all citizens<\/h2>\n<p>mit.dk is for all citizens who have a MitID. Here you can receive important information from public authorities and institutions, companies, and organisations, who play a role in your everyday life. And you can easily reply and react to your digital mail.<\/p>\n<p>If you are under 15 or a foreign citizen without a MitID, you can receive digital mail such as payslips in mitBasic. Here you only need an e-mail address to log in.<\/p>\n<p>If you have previously received public mail elsewhere, it will automatically also appear in mit.dk. This way, you have all letters and documents from the public sector gathered in one place.<\/p>\n\t\t\t\t<img loading=\"lazy\" decoding=\"async\" src=\"\/wp-content\/uploads\/dame_lager.jpg\" alt=\"Kvinde bruger tablet p\u00e5 et lager\" itemprop=\"image\" height=\"854\" width=\"1280\" title=\"dame_lager\" onerror=\"this.style.display='none'\"  \/>\n\t<h2>For all companies<\/h2>\n<p>In mit.dk, companies and organisations can make their digital dialogue and interaction with their customers and members simple and safe for everyone.<\/p>\n<p>As a platform, mit.dk offers many options for creating a seamless self-service experience, where customers can receive messages, pay, sign, give consent, and much more without having to log in to multiple places. And it's easy to get started.<\/p>\n\t<h2>One place for all your digital mail<\/h2>\n<p>mit.dk gathers digital mail across public and private sectors, so you only need to check one place and always have an overview of important messages and documents. Just log in to the app or on mit.dk with your MitID.<\/p>\n\t\t\t\t<img loading=\"lazy\" decoding=\"async\" src=\"\/wp-content\/uploads\/mit_dk_mobile_mockup-273x300.png\" alt=\"Eksempel p\u00e5 mit.dk loginsk\u00e6rm og indbakke p\u00e5 mobil\" itemprop=\"image\" height=\"300\" width=\"273\" title=\"mit_dk_mobile_mockup\" onerror=\"this.style.display='none'\"  \/>\n\t\t\t\t<img loading=\"lazy\" decoding=\"async\" src=\"\/wp-content\/uploads\/mit_dk_desktop_mockup.png\" alt=\"Eksempel p\u00e5 mit.dk p\u00e5 desktop\" itemprop=\"image\" height=\"400\" width=\"657\" title=\"mit_dk_desktop_mockup\" onerror=\"this.style.display='none'\"  \/>\n<h2>\n\t\tYou can do a lot in mit.dk\n\t<\/h2>\n\t\t\t\t<a href=\"\/en\/read\/\" target=\"_self\" itemprop=\"url\">\n\t\t\t\t<img loading=\"lazy\" decoding=\"async\" src=\"\/wp-content\/uploads\/icon-white-read.png\" alt=\"Ikon L\u00e6s\" itemprop=\"image\" height=\"140\" width=\"146\" title=\"icon-white-read\" onerror=\"this.style.display='none'\"  \/>\n\t\t\t\t<\/a>\n<h3>\n\t\tRead\n\t<\/h3>\n\t\t\t\t<a href=\"\/en\/pay\/\" target=\"_self\" itemprop=\"url\">\n\t\t\t\t<img loading=\"lazy\" decoding=\"async\" src=\"\/wp-content\/uploads\/icon-white-pay.png\" alt=\"Ikon Betal\" itemprop=\"image\" height=\"140\" width=\"149\" title=\"icon-white-pay\" onerror=\"this.style.display='none'\"  \/>\n\t\t\t\t<\/a>\n<h3>\n\t\tPay\n\t<\/h3>\n\t\t\t\t<a href=\"\/en\/connect\/\" target=\"_self\" itemprop=\"url\">\n\t\t\t\t<img loading=\"lazy\" decoding=\"async\" src=\"\/wp-content\/uploads\/icon-white-connect.png\" alt=\"Ikon Connect\" itemprop=\"image\" height=\"224\" width=\"224\" title=\"icon-white-connect\" onerror=\"this.style.display='none'\"  \/>\n\t\t\t\t<\/a>\n<h3>\n\t\tConnect\n\t<\/h3>\n\t\t\t\t<a href=\"\/en\/sign\/\" target=\"_self\" itemprop=\"url\">\n\t\t\t\t<img loading=\"lazy\" decoding=\"async\" src=\"\/wp-content\/uploads\/icon-white-sign.png\" alt=\"Ikon Underskriv\" itemprop=\"image\" height=\"140\" width=\"145\" title=\"icon-white-sign\" onerror=\"this.style.display='none'\"  \/>\n\t\t\t\t<\/a>\n<h3>\n\t\tSign\n\t<\/h3>\n\t\t\t\t<a href=\"\/en\/consent\/\" target=\"_self\" itemprop=\"url\">\n\t\t\t\t<img loading=\"lazy\" decoding=\"async\" src=\"\/wp-content\/uploads\/icon-white-consent-svg.png\" alt=\"Ikon Samtykke\" itemprop=\"image\" height=\"140\" width=\"140\" title=\"icon-white-consent-svg\" onerror=\"this.style.display='none'\"  \/>\n\t\t\t\t<\/a>\n<h3>\n\t\tConsent\n\t<\/h3>\n\t<p>In mit.dk, you can read digital mail from over 4,000 senders. If you need to take action, you can, for example, pay, sign, and submit important information directly from the message in mit.dk.<\/p>\n\t<h2>Safe storage of everything important<\/h2>\n<p>Everything is sent and stored under secure conditions in mit.dk, so that your personal and confidential information is well-protected.<\/p>\n\t\t\t\t<img loading=\"lazy\" decoding=\"async\" src=\"\/wp-content\/uploads\/lock.png\" alt=\"Illustration h\u00e6ngel\u00e5s\" itemprop=\"image\" height=\"128\" width=\"118\" title=\"lock\" onerror=\"this.style.display='none'\"  \/>","protected":false},"excerpt":{"rendered":"<p>Mere end en digital postkasse For alle borgere mit.dk er for alle borgere, som har MitID. Her f\u00e5r du vigtig information fra b\u00e5de offentlige myndigheder og institutioner, virksomheder og organisationer, som spiller en rolle i din hverdag. Og du kan let svare og reagere p\u00e5 din digitale post. Er du under 15 \u00e5r eller udenlandsk&hellip;<\/p>","protected":false},"author":1,"featured_media":0,"parent":0,"menu_order":0,"comment_status":"closed","ping_status":"closed","template":"","meta":{"footnotes":""},"class_list":["post-72","page","type-page","status-publish","hentry"],"_links":{"self":[{"href":"https:\/\/mit.dk\/en\/wp-json\/wp\/v2\/pages\/72","targetHints":{"allow":["GET"]}}],"collection":[{"href":"https:\/\/mit.dk\/en\/wp-json\/wp\/v2\/pages"}],"about":[{"href":"https:\/\/mit.dk\/en\/wp-json\/wp\/v2\/types\/page"}],"author":[{"embeddable":true,"href":"https:\/\/mit.dk\/en\/wp-json\/wp\/v2\/users\/1"}],"replies":[{"embeddable":true,"href":"https:\/\/mit.dk\/en\/wp-json\/wp\/v2\/comments?post=72"}],"version-history":[{"count":13,"href":"https:\/\/mit.dk\/en\/wp-json\/wp\/v2\/pages\/72\/revisions"}],"predecessor-version":[{"id":1498,"href":"https:\/\/mit.dk\/en\/wp-json\/wp\/v2\/pages\/72\/revisions\/1498"}],"wp:attachment":[{"href":"https:\/\/mit.dk\/en\/wp-json\/wp\/v2\/media?parent=72"}],"curies":[{"name":"wp","href":"https:\/\/api.w.org\/{rel}","templated":true}]}}