{"id":701,"date":"2024-10-30T11:20:01","date_gmt":"2024-10-30T09:20:01","guid":{"rendered":"https:\/\/mitdk-prod-b3cphaemhph8gef8.swedencentral-01.azurewebsites.net\/?page_id=701"},"modified":"2024-11-13T12:28:18","modified_gmt":"2024-11-13T11:28:18","slug":"faa-hjaelp-undervejs","status":"publish","type":"page","link":"https:\/\/mit.dk\/en\/faa-hjaelp-undervejs","title":{"rendered":"F\u00e5 hj\u00e6lp undervejs"},"content":{"rendered":"<h1>\n\t\tF\u00e5 hj\u00e6lp undervejs\n\t<\/h1>\n\t<p>Har I besluttet jer for at bruge mit.dk, foresl\u00e5r vi et m\u00f8de, hvor vi dr\u00f8fter jeres behov og ser p\u00e5, hvordan mit.dk-l\u00f8sningen kan sammens\u00e6ttes til netop jer. N\u00e5r I skal i gang med at bruge l\u00f8sningen, kan I g\u00f8re det meste via Administrationsportalen i mit.dk.<\/p>\n<h2>\n\t\tHvad kan jeg f\u00e5 hj\u00e6lp til?\n\t<\/h2>\n\t<p>Administrationsportalen kan tilpasses jeres behov og giver blandt andet mulighed for at:<\/p>\n<ul>\n<li>Finde guides og vejledninger<\/li>\n<li>Se, oprette og administrere afsender- og modtagersystemer<\/li>\n<li>Oprette afsendere<\/li>\n<li>Se, oprette og administrere kontaktpunkter<\/li>\n<li>Finde meddelelser og medarbejderhandlinger<\/li>\n<li>Tilbagekalde eller \u00e6ndre meddelelser<\/li>\n<li>Oprette og administrere formularer ifm. mit.dk&#8217;s service: Connect<\/li>\n<li>Oprette og administrere betalingsmetoder ifm. mit.dk&#8217;s service: Pay<\/li>\n<\/ul>\n\t\t\t<a href=\"\/en\/administrations-portal\/\" target=\"_self\" rel=\"noopener\">\n\t\t\t\t\t\t\tL\u00e6s mere om Administrationsportalen\n\t\t\t\t\t<\/a>\n\t\t\t\t<img loading=\"lazy\" decoding=\"async\" src=\"\/wp-content\/uploads\/Administrationsportalen.png\" alt=\"Administrationsportalen\" itemprop=\"image\" height=\"929\" width=\"869\" title=\"Administrationsportalen\" onerror=\"this.style.display='none'\"  \/>\n<h2>\n\t\tSp\u00f8rg Customer Succes-teamet\n\t<\/h2>\n\t<p>Vores Customer Succes-team st\u00e5r altid til r\u00e5dighed og kan hj\u00e6lpe jer med fx:<\/p>\n<ul>\n<li>L\u00f8sning af tekniske udfordringer<\/li>\n<li>Udbygning af mit.dk-l\u00f8sningen med flere features<\/li>\n<li>Tilpasning af l\u00f8sningen til nye behov<\/li>\n<li>R\u00e5dgivning om mulighederne i mit.dk<\/li>\n<\/ul>\n<h2>\n\t\tVil I h\u00f8re mere om mulighederne?\n\t<\/h2>\n\tContact us at +45 70802580 or <a href=\"mailto:kundeservice@mit.dk\">kundeservice@mit.dk<\/a> to learn more about the possibilities.","protected":false},"excerpt":{"rendered":"<p>F\u00e5 hj\u00e6lp undervejs Har I besluttet jer for at bruge mit.dk, foresl\u00e5r vi et m\u00f8de, hvor vi dr\u00f8fter jeres behov og ser p\u00e5, hvordan mit.dk-l\u00f8sningen kan sammens\u00e6ttes til netop jer. N\u00e5r I skal i gang med at bruge l\u00f8sningen, kan I g\u00f8re det meste via Administrationsportalen i mit.dk. Hvad kan jeg f\u00e5 hj\u00e6lp til? Administrationsportalen&hellip;<\/p>","protected":false},"author":1,"featured_media":0,"parent":0,"menu_order":0,"comment_status":"closed","ping_status":"closed","template":"","meta":{"footnotes":""},"class_list":["post-701","page","type-page","status-publish","hentry"],"_links":{"self":[{"href":"https:\/\/mit.dk\/en\/wp-json\/wp\/v2\/pages\/701","targetHints":{"allow":["GET"]}}],"collection":[{"href":"https:\/\/mit.dk\/en\/wp-json\/wp\/v2\/pages"}],"about":[{"href":"https:\/\/mit.dk\/en\/wp-json\/wp\/v2\/types\/page"}],"author":[{"embeddable":true,"href":"https:\/\/mit.dk\/en\/wp-json\/wp\/v2\/users\/1"}],"replies":[{"embeddable":true,"href":"https:\/\/mit.dk\/en\/wp-json\/wp\/v2\/comments?post=701"}],"version-history":[{"count":4,"href":"https:\/\/mit.dk\/en\/wp-json\/wp\/v2\/pages\/701\/revisions"}],"predecessor-version":[{"id":976,"href":"https:\/\/mit.dk\/en\/wp-json\/wp\/v2\/pages\/701\/revisions\/976"}],"wp:attachment":[{"href":"https:\/\/mit.dk\/en\/wp-json\/wp\/v2\/media?parent=701"}],"curies":[{"name":"wp","href":"https:\/\/api.w.org\/{rel}","templated":true}]}}