{"id":695,"date":"2024-10-30T11:14:35","date_gmt":"2024-10-30T09:14:35","guid":{"rendered":"https:\/\/mitdk-prod-b3cphaemhph8gef8.swedencentral-01.azurewebsites.net\/?page_id=695"},"modified":"2024-11-13T10:00:01","modified_gmt":"2024-11-13T09:00:01","slug":"kom-godt-fra-start","status":"publish","type":"page","link":"https:\/\/mit.dk\/en\/kom-godt-fra-start","title":{"rendered":"Kom godt fra start"},"content":{"rendered":"<h1>\n\t\tKom godt fra start\n\t<\/h1>\n\t<p>Har I besluttet jer for at bruge mit.dk, foresl\u00e5r vi et m\u00f8de, hvor vi dr\u00f8fter jeres behov og ser p\u00e5, hvordan mit.dk-l\u00f8sningen kan sammens\u00e6ttes til netop jer. N\u00e5r I skal i gang med at bruge l\u00f8sningen, kan I g\u00f8re det meste via Administrationsportalen i mit.dk.<\/p>\n<h2>\n\t\tVi opretter jer i mit.dk\n\t<\/h2>\n\t<ul>\n<li>I skal blot oplyse f\u00e5 informationer, s\u00e5 opretter vi jer som brugere af mit.dk.<\/li>\n<li>I f\u00e5r en dedikeret kontaktperson og vores Customer Success-team er altid til r\u00e5dighed, hvis I f\u00e5r brug for hj\u00e6lp.<\/li>\n<\/ul>\n<h2>\n\t\tBrug Administrationsportalen\n\t<\/h2>\n\t<ul>\n<li>N\u00e5r I er oprettet, har I adgang til mit.dk&#8217;s Administrationsportal med vejledninger til bl.a. oprettelse af afsender- og modtagersystem.<\/li>\n<li>Vi leverer testmilj\u00f8er, s\u00e5 I kan teste integrationen mellem jeres system og mit.dk samt afsendelse og modtagelse af digital post i mit.dk.<\/li>\n<li>Vores Customer Succes-team st\u00e5r altid til r\u00e5dighed, hvis I f\u00e5r brug for hj\u00e6lp.<\/li>\n<\/ul>\n\t\t\t\t<img loading=\"lazy\" decoding=\"async\" src=\"\/wp-content\/uploads\/Administrationsportalen.png\" alt=\"Administrationsportalen\" itemprop=\"image\" height=\"929\" width=\"869\" title=\"Administrationsportalen\" onerror=\"this.style.display='none'\"  \/>\n<h2>\n\t\tVil I h\u00f8re mere om mulighederne?\n\t<\/h2>\n\tContact us at +45 70802580 or <a href=\"mailto:kundeservice@mit.dk\">kundeservice@mit.dk<\/a> to learn more about the possibilities.","protected":false},"excerpt":{"rendered":"<p>Kom godt fra start Har I besluttet jer for at bruge mit.dk, foresl\u00e5r vi et m\u00f8de, hvor vi dr\u00f8fter jeres behov og ser p\u00e5, hvordan mit.dk-l\u00f8sningen kan sammens\u00e6ttes til netop jer. N\u00e5r I skal i gang med at bruge l\u00f8sningen, kan I g\u00f8re det meste via Administrationsportalen i mit.dk. Vi opretter jer i mit.dk I&hellip;<\/p>","protected":false},"author":1,"featured_media":0,"parent":0,"menu_order":0,"comment_status":"closed","ping_status":"closed","template":"","meta":{"footnotes":""},"class_list":["post-695","page","type-page","status-publish","hentry"],"_links":{"self":[{"href":"https:\/\/mit.dk\/en\/wp-json\/wp\/v2\/pages\/695","targetHints":{"allow":["GET"]}}],"collection":[{"href":"https:\/\/mit.dk\/en\/wp-json\/wp\/v2\/pages"}],"about":[{"href":"https:\/\/mit.dk\/en\/wp-json\/wp\/v2\/types\/page"}],"author":[{"embeddable":true,"href":"https:\/\/mit.dk\/en\/wp-json\/wp\/v2\/users\/1"}],"replies":[{"embeddable":true,"href":"https:\/\/mit.dk\/en\/wp-json\/wp\/v2\/comments?post=695"}],"version-history":[{"count":4,"href":"https:\/\/mit.dk\/en\/wp-json\/wp\/v2\/pages\/695\/revisions"}],"predecessor-version":[{"id":974,"href":"https:\/\/mit.dk\/en\/wp-json\/wp\/v2\/pages\/695\/revisions\/974"}],"wp:attachment":[{"href":"https:\/\/mit.dk\/en\/wp-json\/wp\/v2\/media?parent=695"}],"curies":[{"name":"wp","href":"https:\/\/api.w.org\/{rel}","templated":true}]}}