{"id":687,"date":"2024-10-30T11:07:50","date_gmt":"2024-10-30T09:07:50","guid":{"rendered":"https:\/\/mitdk-prod-b3cphaemhph8gef8.swedencentral-01.azurewebsites.net\/?page_id=687"},"modified":"2024-11-13T12:23:46","modified_gmt":"2024-11-13T11:23:46","slug":"brug-alle-output-formater","status":"publish","type":"page","link":"https:\/\/mit.dk\/en\/brug-alle-output-formater","title":{"rendered":"Brug alle output-formater"},"content":{"rendered":"<h1>\n\t\tBrug alle output-formater\n\t<\/h1>\n\t<p>Kommunikationen i mit.dk sker i det nye format MeMo, som giver mulighed for intelligent og automatiseret h\u00e5ndtering af beskeder. Formatet giver ogs\u00e5 mulighed for at bygge handlemuligheder ind i den digitale post.<\/p>\n<h2>\n\t\tmit.dk underst\u00f8tter alle output formater\n\t<\/h2>\n\t<p>Det g\u00e6lder b\u00e5de SFTP- og REST-baseret digital post samt PDF-formater s\u00e5som Digital Post 1 og Digital Post 2. I kan alts\u00e5 sende kommunikationen, som I plejer &#8211; men samtidig f\u00e5 gl\u00e6de af de mange nye muligheder, som MeMo-formatet giver i mit.dk.<\/p>\n<h2>\n\t\tUdnyt styrkerne i MeMo-formatet\n\t<\/h2>\n\t<p>Med det data- og interaktionsbaserede format MeMo bliver den digitale post pakket ind p\u00e5 en ny m\u00e5de, s\u00e5 modtageren let kan se den vigtigste information og reagere p\u00e5 den digitale post, hvis de fx skal skrive under, give samtykke eller betale. Formatet g\u00f8r det ogs\u00e5 enklere for jer at automatisere h\u00e5ndteringen af den digitale post.<\/p>\n\t\t\t\t<img loading=\"lazy\" decoding=\"async\" src=\"\/wp-content\/uploads\/output-formater-illustration.gif\" alt=\"output-formater-illustration\" itemprop=\"image\" height=\"540\" width=\"540\" title=\"output-formater-illustration\" onerror=\"this.style.display='none'\"  \/>\n<h2>\n\t\tF\u00e5 hj\u00e6lp til ops\u00e6tningen\n\t<\/h2>\n\t<p>I forbindelse med onboarding til mit.dk f\u00e5r I adgang til mit.dk Administrationsportalen, som blandt andet rummer dokumentation og guides til integrationen med mit.dk. I bliver ogs\u00e5 tilknyttet vores Customer Success-team, som kan hj\u00e6lpe jer med b\u00e5de Administrationsportalen og tekniske sp\u00f8rgsm\u00e5l omkring fx MeMo.<\/p>\n<p>MeMo er den nye standard for Digital Post i den offentlige sektor. Vi har hos Netcompany v\u00e6ret involveret i at definere standarden og har stor ekspertise i MeMo-formatet.<\/p>\n<h2>\n\t\tVil I h\u00f8re mere om mulighederne?\n\t<\/h2>\n\tContact us at +45 70802580 or <a href=\"mailto:kundeservice@mit.dk\">kundeservice@mit.dk<\/a> to learn more about the possibilities.","protected":false},"excerpt":{"rendered":"<p>Brug alle output-formater Kommunikationen i mit.dk sker i det nye format MeMo, som giver mulighed for intelligent og automatiseret h\u00e5ndtering af beskeder. Formatet giver ogs\u00e5 mulighed for at bygge handlemuligheder ind i den digitale post. mit.dk underst\u00f8tter alle output formater Det g\u00e6lder b\u00e5de SFTP- og REST-baseret digital post samt PDF-formater s\u00e5som Digital Post 1 og&hellip;<\/p>","protected":false},"author":1,"featured_media":0,"parent":0,"menu_order":0,"comment_status":"closed","ping_status":"closed","template":"","meta":{"footnotes":""},"class_list":["post-687","page","type-page","status-publish","hentry"],"_links":{"self":[{"href":"https:\/\/mit.dk\/en\/wp-json\/wp\/v2\/pages\/687","targetHints":{"allow":["GET"]}}],"collection":[{"href":"https:\/\/mit.dk\/en\/wp-json\/wp\/v2\/pages"}],"about":[{"href":"https:\/\/mit.dk\/en\/wp-json\/wp\/v2\/types\/page"}],"author":[{"embeddable":true,"href":"https:\/\/mit.dk\/en\/wp-json\/wp\/v2\/users\/1"}],"replies":[{"embeddable":true,"href":"https:\/\/mit.dk\/en\/wp-json\/wp\/v2\/comments?post=687"}],"version-history":[{"count":6,"href":"https:\/\/mit.dk\/en\/wp-json\/wp\/v2\/pages\/687\/revisions"}],"predecessor-version":[{"id":975,"href":"https:\/\/mit.dk\/en\/wp-json\/wp\/v2\/pages\/687\/revisions\/975"}],"wp:attachment":[{"href":"https:\/\/mit.dk\/en\/wp-json\/wp\/v2\/media?parent=687"}],"curies":[{"name":"wp","href":"https:\/\/api.w.org\/{rel}","templated":true}]}}