{"id":674,"date":"2024-10-30T10:04:12","date_gmt":"2024-10-30T08:04:12","guid":{"rendered":"https:\/\/mitdk-prod-b3cphaemhph8gef8.swedencentral-01.azurewebsites.net\/?page_id=674"},"modified":"2025-05-12T12:38:47","modified_gmt":"2025-05-12T11:38:47","slug":"memo-format","status":"publish","type":"page","link":"https:\/\/mit.dk\/en\/memo-format","title":{"rendered":"MeMo-format"},"content":{"rendered":"<h1>\n\t\tDigital transformation to MeMo\n\t<\/h1>\n\t<p>Is your company ready for the future standard of digital mail?<\/p>\n<p>mit.dk is based on MeMo, which is the Danish Agency for Digital Government's new data and interaction-based message format. MeMo replaces the PDF-based digital mail and, from the end of 2023, is the standard for digital mail from authorities. With mit.dk, companies can also take advantage of the many strengths of the MeMo format.<\/p>\n<p>Regardless of the output format you use in your customer communication today, mit.dk can receive it and convert the communication to the new MeMo format.<\/p>\n<p>I kan alts\u00e5 sende kommunikationen, som I plejer &#8211; men samtidig f\u00e5 gl\u00e6de af de mange nye muligheder, som MeMo-formatet giver i mit.dk.<\/p>\n\t\t\t\t<img loading=\"lazy\" decoding=\"async\" src=\"\/wp-content\/uploads\/memo-illustration.gif\" alt=\"memo-illustration\" itemprop=\"image\" height=\"540\" width=\"540\" title=\"memo-illustration\" onerror=\"this.style.display='none'\"  \/>\n<h2>\n\t\tStronger service, easier handling, and better automation\n\t<\/h2>\n\t<p>MeMo is a new way to package digital mail, allowing you to highlight the most important information for the recipient. At the same time, MeMo supports intelligent and automated handling of messages. This makes it much easier and faster for citizens and customers to act on digital mail, while the processes behind it become simpler for businesses and authorities.<\/p>\n<p>There are several good reasons to start the MeMo transition now. Netcompany has the leading MeMo experts in Denmark and can help you get well on your way.<\/p>\n<h2>\n\t\tForms: Features and Benefits\n\t<\/h2>\n\t\t\t\t<img loading=\"lazy\" decoding=\"async\" src=\"\/wp-content\/uploads\/ikon-small-multiple-messages.png\" alt=\"ikon-small-multiple-messages\" itemprop=\"image\" height=\"56\" width=\"57\" title=\"ikon-small-multiple-messages\" onerror=\"this.style.display='none'\"  \/>\n\t<h3>New action options<\/h3>\n<p>The MeMo format means that you can give customers the ability to reply, pay, sign, and submit sensitive personal information directly from the message in mit.dk.<\/p>\n\t\t\t\t<img loading=\"lazy\" decoding=\"async\" src=\"\/wp-content\/uploads\/ikon-small-user.png\" alt=\"ikon-small-user\" itemprop=\"image\" height=\"57\" width=\"57\" title=\"ikon-small-user\" onerror=\"this.style.display='none'\"  \/>\n\t<h3>User-friendly format<\/h3>\n<p>Med MeMo f\u00e5r I helt nye muligheder for at pr\u00e6sentere budskaber og beskeder, da formatet underst\u00f8tter b\u00e5de design, interaktion og automatisering. MeMo tilpasser sig automatisk den sk\u00e6rm beskeden skal l\u00e6ses p\u00e5, men I kan selvf\u00f8lgelig stadig sende PDF&#8217;er i mit.dk.<\/p>\n\t\t\t\t<img loading=\"lazy\" decoding=\"async\" src=\"\/wp-content\/uploads\/ikon-small-data.png\" alt=\"ikon-small-data\" itemprop=\"image\" height=\"56\" width=\"57\" title=\"ikon-small-data\" onerror=\"this.style.display='none'\"  \/>\n\t<h3>Efficient mail handling<\/h3>\n<p>En lang r\u00e6kke opm\u00e6rkningsmuligheder i MeMo betyder, at I f\u00e5r helt nye v\u00e6rkt\u00f8jer til at automatisere omfordelingen og h\u00e5ndteringen af digital post &#8211; det hele er baseret p\u00e5 metadata i MeMo.<\/p>\n\t\t\t\t<img loading=\"lazy\" decoding=\"async\" src=\"\/wp-content\/uploads\/ikon-small-samtykke.png\" alt=\"ikon-small-samtykke\" itemprop=\"image\" height=\"57\" width=\"58\" title=\"ikon-small-samtykke\" onerror=\"this.style.display='none'\"  \/>\n\t<h3>Better customer experience<\/h3>\n<p>With MeMo as a basis, you get new opportunities to control the customer journey across platforms. For example, it is possible to integrate mit.dk with the company's self-service, so customers do not experience transitioning from one universe to another when they need to communicate or interact with the company.<\/p>\n<h2>\n\t\tGet our report and be inspired by the municipalities\n\t<\/h2>\n\t<p>In collaboration with KL, KOMBIT, and 20 municipalities, we at Netcompany have conducted an analysis of how municipalities can get the most out of the MeMo format. The result is a recommendation for a cross-public minimum standard for the use of MeMo, which private companies can also draw inspiration from.<\/p>\n\t\t\t<a href=\"https:\/\/www.kl.dk\/media\/hs2dry43\/memo-i-kommunerne.pdf\" target=\"_blank\" rel=\"noopener\">\n\t\t\t\t\t\tDownload the report on MeMo in the municipalities\n\t\t\t\t\t<\/a>\n\t\t\t\t<img loading=\"lazy\" decoding=\"async\" src=\"\/wp-content\/uploads\/memo-rapport.png\" alt=\"memo-rapport\" itemprop=\"image\" height=\"262\" width=\"400\" title=\"memo-rapport\" onerror=\"this.style.display='none'\"  \/>\n<h2>\n\t\tWould you like to hear more about the MeMo format?\n\t<\/h2>\n\t<p>Contact us at +45 70802580 or <a href=\"mailto:info@mit.dk\">info@mit.dk<\/a> to learn more about the possibilities.<\/p>","protected":false},"excerpt":{"rendered":"<p>Digital omstilling til MeMo Er virksomheden klar til fremtidens standard for digital post? mit.dk er baseret p\u00e5 MeMo som er Digitaliseringsstyrelsens nye data- og interaktionsbaserede meddelelsesformat. MeMo afl\u00f8ser den PDF-baserede digitale post, og er fra slutningen af 2023 standarden for digital post fra myndigheder. Med mit.dk kan virksomheder ogs\u00e5 udnytte MeMo-formatets mange styrker. Uanset hvilket&hellip;<\/p>","protected":false},"author":1,"featured_media":0,"parent":0,"menu_order":0,"comment_status":"closed","ping_status":"closed","template":"","meta":{"footnotes":""},"class_list":["post-674","page","type-page","status-publish","hentry"],"_links":{"self":[{"href":"https:\/\/mit.dk\/en\/wp-json\/wp\/v2\/pages\/674","targetHints":{"allow":["GET"]}}],"collection":[{"href":"https:\/\/mit.dk\/en\/wp-json\/wp\/v2\/pages"}],"about":[{"href":"https:\/\/mit.dk\/en\/wp-json\/wp\/v2\/types\/page"}],"author":[{"embeddable":true,"href":"https:\/\/mit.dk\/en\/wp-json\/wp\/v2\/users\/1"}],"replies":[{"embeddable":true,"href":"https:\/\/mit.dk\/en\/wp-json\/wp\/v2\/comments?post=674"}],"version-history":[{"count":8,"href":"https:\/\/mit.dk\/en\/wp-json\/wp\/v2\/pages\/674\/revisions"}],"predecessor-version":[{"id":1625,"href":"https:\/\/mit.dk\/en\/wp-json\/wp\/v2\/pages\/674\/revisions\/1625"}],"wp:attachment":[{"href":"https:\/\/mit.dk\/en\/wp-json\/wp\/v2\/media?parent=674"}],"curies":[{"name":"wp","href":"https:\/\/api.w.org\/{rel}","templated":true}]}}