{"id":650,"date":"2024-10-30T03:13:17","date_gmt":"2024-10-30T01:13:17","guid":{"rendered":"https:\/\/mitdk-prod-b3cphaemhph8gef8.swedencentral-01.azurewebsites.net\/?page_id=650"},"modified":"2024-11-20T14:11:13","modified_gmt":"2024-11-20T13:11:13","slug":"booking","status":"publish","type":"page","link":"https:\/\/mit.dk\/en\/booking","title":{"rendered":"Booking"},"content":{"rendered":"<h1>\n\t\tG\u00f8r det nemt at booke m\u00f8der og aftaler\n\t<\/h1>\n\t<p>Vil I g\u00f8re afstanden fra invitation til aftale kortere?<\/p>\n<p>Det er nemt at reagere p\u00e5 den kommunkation kunderne modtager i mit.dk. Det g\u00e6lder ogs\u00e5 invitationer eller indkaldelser til m\u00f8der, konsultationer og andre aftaler. I kan inkludere forslag til tidspunkter i invitationen, og kunderne kan selv v\u00e6lge og booke direkte, ligesom de kan acceptere og afsl\u00e5 direkte i mit.dk.<\/p>\n<p>Det betyder \u00e9t sammenh\u00e6ngende flow for kunderne &#8211; og effektiv booking for jer.<\/p>\n\t\t\t\t<img loading=\"lazy\" decoding=\"async\" src=\"\/wp-content\/uploads\/booking-illustration.gif\" alt=\"booking-illustration\" itemprop=\"image\" height=\"540\" width=\"540\" title=\"booking-illustration\" onerror=\"this.style.display='none'\"  \/>\n<h2>\n\t\tBooking: Funktioner og fordele\n\t<\/h2>\n\t\t\t\t<img loading=\"lazy\" decoding=\"async\" src=\"\/wp-content\/uploads\/ikon-small-calendar.png\" alt=\"ikon-small-calendar\" itemprop=\"image\" height=\"57\" width=\"57\" title=\"ikon-small-calendar\" onerror=\"this.style.display='none'\"  \/>\n\t<h3>Book en aftale<\/h3>\n<p>Kunden kan let acceptere invitationer eller indkaldelser eller selv booke tidspunkter. Og I kan sende bekr\u00e6ftelser p\u00e5 bookinger direkte i mit.dk<\/p>\n\t\t\t\t<img loading=\"lazy\" decoding=\"async\" src=\"\/wp-content\/uploads\/ikon-small-user.png\" alt=\"ikon-small-user\" itemprop=\"image\" height=\"57\" width=\"57\" title=\"ikon-small-user\" onerror=\"this.style.display='none'\"  \/>\n\t<h3>Fysisk eller virtuel booking<\/h3>\n<p>I bestemmer, om kunden skal kunne booke aftalen som et fysisk eller virtuelt m\u00f8de.<\/p>\n\t\t\t\t<img loading=\"lazy\" decoding=\"async\" src=\"\/wp-content\/uploads\/ikon-small-bell.png\" alt=\"ikon-small-bell\" itemprop=\"image\" height=\"57\" width=\"57\" title=\"ikon-small-bell\" onerror=\"this.style.display='none'\"  \/>\n\t<h3>L\u00e6g aftalen i kalender<\/h3>\n<p>Kunden kan tilf\u00f8je den bookede aftale til sin egen kalender p\u00e5 telefonen som del af booking-flowet i mit.dk<\/p>\n\t\t\t\t<img loading=\"lazy\" decoding=\"async\" src=\"\/wp-content\/uploads\/ikon-small-recuring.png\" alt=\"ikon-small-recuring\" itemprop=\"image\" height=\"57\" width=\"57\" title=\"ikon-small-recuring\" onerror=\"this.style.display='none'\"  \/>\n\t<h3>Alt i \u00e9t flow<\/h3>\n<p>Med betaling i mit.dk bliver overgangen mellem bookingsystem og selvbetjeningsl\u00f8sning flydende, og kunden skal ikke springe mellem flere systemer.<\/p>\n\t\t\t\t<img loading=\"lazy\" decoding=\"async\" src=\"\/wp-content\/uploads\/ikon-small-clock.png\" alt=\"ikon-small-clock\" itemprop=\"image\" height=\"57\" width=\"57\" title=\"ikon-small-clock\" onerror=\"this.style.display='none'\"  \/>\n\t<h3>Defin\u00e9r et tidsrum<\/h3>\n<p>I kan v\u00e6lge et tidsrum for, hvorn\u00e5r kunden skal kunne booke sit m\u00f8de eller sin aftale.<\/p>\n\t\t\t\t<img loading=\"lazy\" decoding=\"async\" src=\"\/wp-content\/uploads\/ikon-small-close.png\" alt=\"ikon-small-close\" itemprop=\"image\" height=\"57\" width=\"57\" title=\"ikon-small-close\" onerror=\"this.style.display='none'\"  \/>\n\t<h3>Afvis eller aflys aftale<\/h3>\n<p>Kunden kan let afvise et forslag til tidspunkt eller aflyse en booking i mit.dk-appen.<\/p>\n\t\t\t\t<img loading=\"lazy\" decoding=\"async\" src=\"\/wp-content\/uploads\/ikon-small-bekraeftelse.png\" alt=\"ikon-small-bekraeftelse\" itemprop=\"image\" height=\"57\" width=\"57\" title=\"ikon-small-bekraeftelse\" onerror=\"this.style.display='none'\"  \/>\n\t<h3>Vis ledige tider i liveformat<\/h3>\n<p>Baseret p\u00e5 jeres selvbetjeningssystem kan mit.dk vise ledige tider til kunderne i liveformat, s\u00e5 det selv kan v\u00e6lge.<\/p>\n\t\t\t\t<img loading=\"lazy\" decoding=\"async\" src=\"\/wp-content\/uploads\/ikon-small-chat.png\" alt=\"ikon-small-chat\" itemprop=\"image\" height=\"57\" width=\"58\" title=\"ikon-small-chat\" onerror=\"this.style.display='none'\"  \/>\n\t<h3>Stil sp\u00f8rgsm\u00e5l i indkaldelsen<\/h3>\n<p>I kan bede kunden om svar p\u00e5 sp\u00f8rgsm\u00e5l i invitationen eller indkaldelsen. Det kan fx v\u00e6re registreringsnummer til en p-licens, information om f\u00f8devareallergi forud for madbestillinger til m\u00f8der eller noget helt tredje.<\/p>\n<h2>\n\t\tKom i gang med booking i mit.dk\n\t<\/h2>\n\t<p>Contact us at +45 70802580 or <a href=\"mailto:info@mit.dk\">info@mit.dk<\/a> to learn more about the possibilities.<\/p>","protected":false},"excerpt":{"rendered":"<p>G\u00f8r det nemt at booke m\u00f8der og aftaler Vil I g\u00f8re afstanden fra invitation til aftale kortere? Det er nemt at reagere p\u00e5 den kommunkation kunderne modtager i mit.dk. Det g\u00e6lder ogs\u00e5 invitationer eller indkaldelser til m\u00f8der, konsultationer og andre aftaler. I kan inkludere forslag til tidspunkter i invitationen, og kunderne kan selv v\u00e6lge og&hellip;<\/p>","protected":false},"author":1,"featured_media":0,"parent":0,"menu_order":0,"comment_status":"closed","ping_status":"closed","template":"","meta":{"footnotes":""},"class_list":["post-650","page","type-page","status-publish","hentry"],"_links":{"self":[{"href":"https:\/\/mit.dk\/en\/wp-json\/wp\/v2\/pages\/650","targetHints":{"allow":["GET"]}}],"collection":[{"href":"https:\/\/mit.dk\/en\/wp-json\/wp\/v2\/pages"}],"about":[{"href":"https:\/\/mit.dk\/en\/wp-json\/wp\/v2\/types\/page"}],"author":[{"embeddable":true,"href":"https:\/\/mit.dk\/en\/wp-json\/wp\/v2\/users\/1"}],"replies":[{"embeddable":true,"href":"https:\/\/mit.dk\/en\/wp-json\/wp\/v2\/comments?post=650"}],"version-history":[{"count":7,"href":"https:\/\/mit.dk\/en\/wp-json\/wp\/v2\/pages\/650\/revisions"}],"predecessor-version":[{"id":1071,"href":"https:\/\/mit.dk\/en\/wp-json\/wp\/v2\/pages\/650\/revisions\/1071"}],"wp:attachment":[{"href":"https:\/\/mit.dk\/en\/wp-json\/wp\/v2\/media?parent=650"}],"curies":[{"name":"wp","href":"https:\/\/api.w.org\/{rel}","templated":true}]}}