{"id":632,"date":"2024-10-30T02:55:58","date_gmt":"2024-10-30T00:55:58","guid":{"rendered":"https:\/\/mitdk-prod-b3cphaemhph8gef8.swedencentral-01.azurewebsites.net\/?page_id=632"},"modified":"2025-01-07T14:52:30","modified_gmt":"2025-01-07T13:52:30","slug":"selvbetjeningsunivers","status":"publish","type":"page","link":"https:\/\/mit.dk\/en\/selvbetjeningsunivers","title":{"rendered":"Self-service universe"},"content":{"rendered":"<h1>\n\t\tIntegrate your universe with mit.dk\n\t<\/h1>\n\t<p>Do you want to create a more integrated and efficient experience for your customers? With mit.dk, you can seamlessly transfer customers from mit.dk to a specific destination in your universe.<\/p>\nmit.dk er en anerkendt, GDPR-compliant platform, hvor kunderne allerede er vant til at modtage vigtig information, hvilket styrker jeres trov\u00e6rdighed og sikkerhed.\u200b\nVia \u00e9t enkelt log-in kan jeres kunder navigeres direkte til de omr\u00e5der, hvor de hurtigt og nemt kan udf\u00f8re handlinger, der kan v\u00e6re afg\u00f8rende for jeres forretning. Dette reducerer friktion og \u00f8ger effektiviteten i kundeinteraktioner, hvilket kan f\u00f8re til \u00f8get kundeloyalitet og bedre forretningsresultater.\u200b\n<p>Several features in mit.dk can also be integrated into the company's own self-service universe via the Administration Portal. Features such as payment and signature are built for service enabling and can be wrapped in the company's own design. The ready-to-use features thus provide the opportunity to create an efficient and user-friendly self-service universe.<\/p>\n\t\t\t<a href=\"\/wp-content\/uploads\/sso_10_2024.pdf\" download target=\"_self\">\n\t\t\t\t\t\tDownload product sheet\n\t\t\t\t\t<\/a>\n\t\t\t<img decoding=\"async\" loading='false' src=\"\/wp-content\/uploads\/selvbetjening-illustration1.png\" alt=\"\" \/>\t\t\t\n\t\t\t<img decoding=\"async\" loading='false' src=\"\/wp-content\/uploads\/selvbetjening-illustration2.png\" alt=\"\" \/>\t\t\t\n\t\t\t\t<a href=\"#\" aria-label=\"previous\" role=\"button\">\n<\/a>\n\t\t\t\t<a href=\"#\" aria-label=\"next\" role=\"button\">\n<\/a>\n<h2>\n\t\tIntegration: Features and Benefits\n\t<\/h2>\n\t\t\t\t<img loading=\"lazy\" decoding=\"async\" src=\"\/wp-content\/uploads\/ikon-small-activity.png\" alt=\"ikon-small-activity\" itemprop=\"image\" height=\"57\" width=\"57\" title=\"ikon-small-activity\" onerror=\"this.style.display='none'\"  \/>\n\t<h3>Simple and seamless<\/h3>\n<p>Customers can easily access your universe through your messages in mit.dk, thus experiencing a seamless customer journey.<\/p>\n\t\t\t\t<img loading=\"lazy\" decoding=\"async\" src=\"\/wp-content\/uploads\/ikon-small-clock.png\" alt=\"ikon-small-clock\" itemprop=\"image\" height=\"57\" width=\"57\" title=\"ikon-small-clock\" onerror=\"this.style.display='none'\"  \/>\n\t<h3>Time savings<\/h3>\n<p>Customers are directed straight to a specific destination in your universe where they need to perform an action. This saves them from having to navigate through a universe they may not be familiar with, thereby saving time.<\/p>\n\t\t\t\t<img loading=\"lazy\" decoding=\"async\" src=\"\/wp-content\/uploads\/ikon-small-lock.png\" alt=\"ikon-small-lock\" itemprop=\"image\" height=\"58\" width=\"57\" title=\"ikon-small-lock\" onerror=\"this.style.display='none'\"  \/>\n\t<h3>High security<\/h3>\n<p>The connection between mit.dk and your universe is secure, as data is exchanged through a secure secondary communication channel.<\/p>\n\t\t\t\t<img loading=\"lazy\" decoding=\"async\" src=\"\/wp-content\/uploads\/ikon-small-checkmark.png\" alt=\"ikon-small-checkmark\" itemprop=\"image\" height=\"57\" width=\"57\" title=\"ikon-small-checkmark\" onerror=\"this.style.display='none'\"  \/>\n\t<h3>Increased engagement<\/h3>\n<p>Your customers get an interactive and integrated solution that helps them respond to important communication from you more quickly, and you ensure more traffic to, for example, your self-service universe.<\/p>\n\t\t\t\t<img loading=\"lazy\" decoding=\"async\" src=\"\/wp-content\/uploads\/ikon-small-user.png\" alt=\"ikon-small-user\" itemprop=\"image\" height=\"57\" width=\"57\" title=\"ikon-small-user\" onerror=\"this.style.display='none'\"  \/>\n\t<h3>Better customer service<\/h3>\n<p>By incorporating features from mit.dk into the company's own self-service universe, you can give customers the ability to, for example, pay, book, and sign as part of the digital customer dialogue.<\/p>\n\t\t\t\t<img loading=\"lazy\" decoding=\"async\" src=\"\/wp-content\/uploads\/ikon-small-design.png\" alt=\"ikon-small-design\" itemprop=\"image\" height=\"58\" width=\"58\" title=\"ikon-small-design\" onerror=\"this.style.display='none'\"  \/>\n\t<h3>Features in your design<\/h3>\n<p>Features in mit.dk are designed for white labeling and can be wrapped in the company's own design with name and logo.<\/p>\n<h2>\n\t\tLet's have an informal chat\n\t<\/h2>\n\t<p>mit.dk has great potential to create noticeable results and strengthen your company. We would love to tell you how.<\/p>\n\t\t\t<a href=\"#\" role=\"button\">\n\t\t\t\t\t\t\tI want to know more\n\t\t\t\t\t<\/a>\n\t\t<h3>Let's have an informal chat<\/h3>\n<div class=\"wpforms-container wpforms-container-full wpforms-render-modern\" id=\"wpforms-1436\"><form id=\"wpforms-form-1436\" class=\"wpforms-validate wpforms-form wpforms-ajax-form\" data-formid=\"1436\" method=\"post\" enctype=\"multipart\/form-data\" action=\"\/en\/wp-json\/wp\/v2\/pages\/632\" data-token=\"c57492e3deba279ced1eb0119cfba863\" data-token-time=\"1777227842\" data-trp-original-action=\"\/en\/wp-json\/wp\/v2\/pages\/632\"><noscript class=\"wpforms-error-noscript\">Please enable JavaScript in your browser to complete this form.<\/noscript><div class=\"wpforms-hidden\" id=\"wpforms-error-noscript\">Please enable JavaScript in your browser to complete this form.<\/div><div class=\"wpforms-field-container\"><div id=\"wpforms-1436-field_12-container\" class=\"wpforms-field wpforms-field-layout\" data-field-id=\"12\"><div class=\"wpforms-field-layout-rows wpforms-field-large\"><div class=\"wpforms-layout-row\"><div class=\"wpforms-layout-column wpforms-layout-column-50\"><div id=\"wpforms-1436-field_1-container\" class=\"wpforms-field wpforms-field-name\" data-field-id=\"1\"><label class=\"wpforms-field-label\" for=\"wpforms-1436-field_1\">Your name <span class=\"wpforms-required-label\" aria-hidden=\"true\">*<\/span><\/label><input type=\"text\" id=\"wpforms-1436-field_1\" class=\"wpforms-field-large wpforms-field-required\" name=\"wpforms[fields][1]\" aria-errormessage=\"wpforms-1436-field_1-error\" required><\/div><\/div><div class=\"wpforms-layout-column wpforms-layout-column-50\"><div id=\"wpforms-1436-field_2-container\" class=\"wpforms-field wpforms-field-email\" data-field-id=\"2\"><label class=\"wpforms-field-label\" for=\"wpforms-1436-field_2\">E-mail address <span class=\"wpforms-required-label\" aria-hidden=\"true\">*<\/span><\/label><input type=\"email\" id=\"wpforms-1436-field_2\" class=\"wpforms-field-large wpforms-field-required\" name=\"wpforms[fields][2]\" spellcheck=\"false\" aria-errormessage=\"wpforms-1436-field_2-error\" required><\/div><\/div><\/div><div class=\"wpforms-layout-row\"><div class=\"wpforms-layout-column wpforms-layout-column-50\"><div id=\"wpforms-1436-field_10-container\" class=\"wpforms-field wpforms-field-text\" data-field-id=\"10\"><label class=\"wpforms-field-label\" for=\"wpforms-1436-field_10\">Telephone number <span class=\"wpforms-required-label\" aria-hidden=\"true\">*<\/span><\/label><input type=\"text\" id=\"wpforms-1436-field_10\" class=\"wpforms-field-large wpforms-field-required\" name=\"wpforms[fields][10]\" aria-errormessage=\"wpforms-1436-field_10-error\" required><\/div><\/div><div class=\"wpforms-layout-column wpforms-layout-column-50\"><div id=\"wpforms-1436-field_5-container\" class=\"wpforms-field wpforms-field-text\" data-field-id=\"5\"><label class=\"wpforms-field-label\" for=\"wpforms-1436-field_5\">Company <span class=\"wpforms-required-label\" aria-hidden=\"true\">*<\/span><\/label><input type=\"text\" id=\"wpforms-1436-field_5\" class=\"wpforms-field-large wpforms-field-required\" name=\"wpforms[fields][5]\" aria-errormessage=\"wpforms-1436-field_5-error\" required><\/div><\/div><\/div><\/div><\/div><div id=\"wpforms-1436-field_11-container\" class=\"wpforms-field wpforms-field-textarea\" data-field-id=\"11\"><label class=\"wpforms-field-label\" for=\"wpforms-1436-field_11\">Message<\/label><textarea id=\"wpforms-1436-field_11\" class=\"wpforms-field-medium\" name=\"wpforms[fields][11]\" aria-errormessage=\"wpforms-1436-field_11-error\" ><\/textarea><\/div><\/div><!-- .wpforms-field-container --><div class=\"wpforms-submit-container\" ><input type=\"hidden\" name=\"wpforms[id]\" value=\"1436\"><input type=\"hidden\" name=\"page_title\" value=\"\"><input type=\"hidden\" name=\"page_url\" value=\"https:\/\/mit.dk\/en\/wp-json\/wp\/v2\/pages\/632\"><input type=\"hidden\" name=\"url_referer\" value=\"\"><button type=\"submit\" name=\"wpforms[submit]\" id=\"wpforms-submit-1436\" class=\"wpforms-submit contact-button\" data-alt-text=\"Sender...\" data-submit-text=\"Jeg vil gerne vide mere\" aria-live=\"assertive\" value=\"wpforms-submit\">I want to know more<\/button><img loading=\"lazy\" decoding=\"async\" src=\"\/wp-content\/plugins\/wpforms\/assets\/images\/submit-spin.svg\" class=\"wpforms-submit-spinner\" style=\"display: none;\" width=\"26\" height=\"26\" alt=\"Loading\"><\/div><input type=\"hidden\" name=\"trp-form-language\" value=\"en\"\/><\/form><\/div>  <!-- .wpforms-container -->\n<br \/>\n<p>When you submit the above form, you simultaneously consent to mit.dk processing and using the submitted personal data to contact you. You always have the option to withdraw your consent by contacting us or replying to the emails you receive from us. The personal data will be processed in accordance with our <a href=\"\/en\/privatlivspolitik\/\">privacy policy<\/a>.<\/p>","protected":false},"excerpt":{"rendered":"<p>Integr\u00e9r jeres univers med mit.dk Vil I skabe en mere integreret og effektiv oplevelse for jeres kunder? Med mit.dk kan I gnidningsfrit overf\u00f8re kunderne fra mit.dk til en specifik destination i jeres univers. mit.dk er en anerkendt, GDPR-compliant platform, hvor kunderne allerede er vant til at modtage vigtig information, hvilket styrker jeres trov\u00e6rdighed og sikkerhed.\u200b&hellip;<\/p>","protected":false},"author":1,"featured_media":0,"parent":0,"menu_order":0,"comment_status":"closed","ping_status":"closed","template":"","meta":{"footnotes":""},"class_list":["post-632","page","type-page","status-publish","hentry"],"_links":{"self":[{"href":"https:\/\/mit.dk\/en\/wp-json\/wp\/v2\/pages\/632","targetHints":{"allow":["GET"]}}],"collection":[{"href":"https:\/\/mit.dk\/en\/wp-json\/wp\/v2\/pages"}],"about":[{"href":"https:\/\/mit.dk\/en\/wp-json\/wp\/v2\/types\/page"}],"author":[{"embeddable":true,"href":"https:\/\/mit.dk\/en\/wp-json\/wp\/v2\/users\/1"}],"replies":[{"embeddable":true,"href":"https:\/\/mit.dk\/en\/wp-json\/wp\/v2\/comments?post=632"}],"version-history":[{"count":12,"href":"https:\/\/mit.dk\/en\/wp-json\/wp\/v2\/pages\/632\/revisions"}],"predecessor-version":[{"id":1545,"href":"https:\/\/mit.dk\/en\/wp-json\/wp\/v2\/pages\/632\/revisions\/1545"}],"wp:attachment":[{"href":"https:\/\/mit.dk\/en\/wp-json\/wp\/v2\/media?parent=632"}],"curies":[{"name":"wp","href":"https:\/\/api.w.org\/{rel}","templated":true}]}}