{"id":622,"date":"2024-10-30T02:45:36","date_gmt":"2024-10-30T00:45:36","guid":{"rendered":"https:\/\/mitdk-prod-b3cphaemhph8gef8.swedencentral-01.azurewebsites.net\/?page_id=622"},"modified":"2026-04-21T07:52:33","modified_gmt":"2026-04-21T06:52:33","slug":"administrations-portal","status":"publish","type":"page","link":"https:\/\/mit.dk\/en\/administrations-portal","title":{"rendered":"Administrationsportal"},"content":{"rendered":"<h1>\n\t\tManage mit.dk with the Administration Portal\n\t<\/h1>\n\t<p>Do you want easy administration and a clear overview?<\/p>\n<p>The Administration Portal is your cockpit for mit.dk. Here, you have an overview of your profile and can manage and update your setup. The Administration Portal is user-friendly and customizable to your needs when you start using mit.dk.<\/p>\n<p>&nbsp;<\/p>\n\t\t\t\t<img loading=\"lazy\" decoding=\"async\" src=\"\/wp-content\/uploads\/admin-portal.png\" alt=\"admin-portal\" itemprop=\"image\" height=\"485\" width=\"800\" title=\"admin-portal\" onerror=\"this.style.display='none'\"  \/>\n<h2>\n\t\tAdministration Portal: Features and Benefits\n\t<\/h2>\n\t\t\t\t<img loading=\"lazy\" decoding=\"async\" src=\"\/wp-content\/uploads\/ikon-small-settings.png\" alt=\"ikon-small-settings\" itemprop=\"image\" height=\"57\" width=\"57\" title=\"ikon-small-settings\" onerror=\"this.style.display='none'\"  \/>\n\t<h3>Create and manage systems<\/h3>\n<p>You can create and manage sender and recipient systems. This includes rules for what should happen with the mail the company receives and where it should be archived.<\/p>\n\t\t\t\t<img loading=\"lazy\" decoding=\"async\" src=\"\/wp-content\/uploads\/ikon-small-chat.png\" alt=\"ikon-small-chat\" itemprop=\"image\" height=\"57\" width=\"58\" title=\"ikon-small-chat\" onerror=\"this.style.display='none'\"  \/>\n\t<h3>Recall messages<\/h3>\n<p>Skulle der ske en fejl, kan I tilbagekalde digital post som er lagt til afsendelse i fremtiden &#8211; og \u00e6ndre i den.<\/p>\n\t\t\t\t<img loading=\"lazy\" decoding=\"async\" src=\"\/wp-content\/uploads\/ikon-small-branches.png\" alt=\"ikon-small-branches\" itemprop=\"image\" height=\"57\" width=\"57\" title=\"ikon-small-branches\" onerror=\"this.style.display='none'\"  \/>\n\t<h3>Manage sender names and logos<\/h3>\n<p>If the company has subsidiaries or multiple brands under the same CVR number, you can set them up as individual senders, allowing you to send messages with different sender names and logos.<\/p>\n\t\t\t\t<img loading=\"lazy\" decoding=\"async\" src=\"\/wp-content\/uploads\/ikon-small-forward.png\" alt=\"ikon-small-forward\" itemprop=\"image\" height=\"57\" width=\"57\" title=\"ikon-small-forward\" onerror=\"this.style.display='none'\"  \/>\n\t<h3>Manage your contact structure<\/h3>\n<p>You can set up a structure for how the digital mail you receive is distributed within your company. This means that the internal mail distribution in your company becomes more automatic and intelligent.<\/p>\n\t\t\t\t<img loading=\"lazy\" decoding=\"async\" src=\"\/wp-content\/uploads\/ikon-small-data.png\" alt=\"ikon-small-data\" itemprop=\"image\" height=\"56\" width=\"57\" title=\"ikon-small-data\" onerror=\"this.style.display='none'\"  \/>\n\t<h3>Retrieve business-critical data<\/h3>\n<p>The event log displays the data related to the messages you send. You can also download larger amounts of data if you need to create an overview to gain the necessary insights.<\/p>\n\t\t\t\t<img loading=\"lazy\" decoding=\"async\" src=\"\/wp-content\/uploads\/image-small-flows.png\" alt=\"image-small-flows\" itemprop=\"image\" height=\"57\" width=\"57\" title=\"image-small-flows\" onerror=\"this.style.display='none'\"  \/>\n\t<h3>Manage forms<\/h3>\n<p>You can create and manage your Connect forms in the Administration Portal. You can read more about what you can do with Connect in mit.dk by visiting <a href=\"https:\/\/virksomheder.mit.dk\/mit-formularer\">this page.<\/a><\/p>\n\t\t\t\t<img loading=\"lazy\" decoding=\"async\" src=\"\/wp-content\/uploads\/ikon-small-pay-card.png\" alt=\"ikon-small-pay-card\" itemprop=\"image\" height=\"57\" width=\"57\" title=\"ikon-small-pay-card\" onerror=\"this.style.display='none'\"  \/>\n\t<h3>Manage payments<\/h3>\n<p>You can create the payment solutions you prefer, and you can manage your payment solutions if your needs change.<\/p>\n<p>&nbsp;<\/p>\n<h2>\n\t\tLet's have an informal chat\n\t<\/h2>\n\t<p>mit.dk has great potential to create noticeable results and strengthen your company. We would love to tell you how.<\/p>\n\t\t\t<a href=\"#\" role=\"button\">\n\t\t\t\t\t\t\tI want to know more\n\t\t\t\t\t<\/a>\n\t\t<h3>Let's have an informal chat<\/h3>\n<div class=\"wpforms-container wpforms-container-full wpforms-render-modern\" id=\"wpforms-1436\"><form id=\"wpforms-form-1436\" class=\"wpforms-validate wpforms-form wpforms-ajax-form\" data-formid=\"1436\" method=\"post\" enctype=\"multipart\/form-data\" action=\"\/en\/wp-json\/wp\/v2\/pages\/622\" data-token=\"1f09a0cf8114450b5df81cec548cac38\" data-token-time=\"1776805189\" data-trp-original-action=\"\/en\/wp-json\/wp\/v2\/pages\/622\"><noscript class=\"wpforms-error-noscript\">Please enable JavaScript in your browser to complete this form.<\/noscript><div class=\"wpforms-hidden\" id=\"wpforms-error-noscript\">Please enable JavaScript in your browser to complete this form.<\/div><div class=\"wpforms-field-container\"><div id=\"wpforms-1436-field_12-container\" class=\"wpforms-field wpforms-field-layout\" data-field-id=\"12\"><div class=\"wpforms-field-layout-rows wpforms-field-large\"><div class=\"wpforms-layout-row\"><div class=\"wpforms-layout-column wpforms-layout-column-50\"><div id=\"wpforms-1436-field_1-container\" class=\"wpforms-field wpforms-field-name\" data-field-id=\"1\"><label class=\"wpforms-field-label\" for=\"wpforms-1436-field_1\">Your name <span class=\"wpforms-required-label\" aria-hidden=\"true\">*<\/span><\/label><input type=\"text\" id=\"wpforms-1436-field_1\" class=\"wpforms-field-large wpforms-field-required\" name=\"wpforms[fields][1]\" aria-errormessage=\"wpforms-1436-field_1-error\" required><\/div><\/div><div class=\"wpforms-layout-column wpforms-layout-column-50\"><div id=\"wpforms-1436-field_2-container\" class=\"wpforms-field wpforms-field-email\" data-field-id=\"2\"><label class=\"wpforms-field-label\" for=\"wpforms-1436-field_2\">E-mail address <span class=\"wpforms-required-label\" aria-hidden=\"true\">*<\/span><\/label><input type=\"email\" id=\"wpforms-1436-field_2\" class=\"wpforms-field-large wpforms-field-required\" name=\"wpforms[fields][2]\" spellcheck=\"false\" aria-errormessage=\"wpforms-1436-field_2-error\" required><\/div><\/div><\/div><div class=\"wpforms-layout-row\"><div class=\"wpforms-layout-column wpforms-layout-column-50\"><div id=\"wpforms-1436-field_10-container\" class=\"wpforms-field wpforms-field-text\" data-field-id=\"10\"><label class=\"wpforms-field-label\" for=\"wpforms-1436-field_10\">Telephone number <span class=\"wpforms-required-label\" aria-hidden=\"true\">*<\/span><\/label><input type=\"text\" id=\"wpforms-1436-field_10\" class=\"wpforms-field-large wpforms-field-required\" name=\"wpforms[fields][10]\" aria-errormessage=\"wpforms-1436-field_10-error\" required><\/div><\/div><div class=\"wpforms-layout-column wpforms-layout-column-50\"><div id=\"wpforms-1436-field_5-container\" class=\"wpforms-field wpforms-field-text\" data-field-id=\"5\"><label class=\"wpforms-field-label\" for=\"wpforms-1436-field_5\">Company <span class=\"wpforms-required-label\" aria-hidden=\"true\">*<\/span><\/label><input type=\"text\" id=\"wpforms-1436-field_5\" class=\"wpforms-field-large wpforms-field-required\" name=\"wpforms[fields][5]\" aria-errormessage=\"wpforms-1436-field_5-error\" required><\/div><\/div><\/div><\/div><\/div><div id=\"wpforms-1436-field_11-container\" class=\"wpforms-field wpforms-field-textarea\" data-field-id=\"11\"><label class=\"wpforms-field-label\" for=\"wpforms-1436-field_11\">Message<\/label><textarea id=\"wpforms-1436-field_11\" class=\"wpforms-field-medium\" name=\"wpforms[fields][11]\" aria-errormessage=\"wpforms-1436-field_11-error\" ><\/textarea><\/div><\/div><!-- .wpforms-field-container --><div class=\"wpforms-submit-container\" ><input type=\"hidden\" name=\"wpforms[id]\" value=\"1436\"><input type=\"hidden\" name=\"page_title\" value=\"\"><input type=\"hidden\" name=\"page_url\" value=\"https:\/\/mit.dk\/en\/wp-json\/wp\/v2\/pages\/622\"><input type=\"hidden\" name=\"url_referer\" value=\"\"><button type=\"submit\" name=\"wpforms[submit]\" id=\"wpforms-submit-1436\" class=\"wpforms-submit contact-button\" data-alt-text=\"Sender...\" data-submit-text=\"Jeg vil gerne vide mere\" aria-live=\"assertive\" value=\"wpforms-submit\">I want to know more<\/button><img loading=\"lazy\" decoding=\"async\" src=\"\/wp-content\/plugins\/wpforms\/assets\/images\/submit-spin.svg\" class=\"wpforms-submit-spinner\" style=\"display: none;\" width=\"26\" height=\"26\" alt=\"Loading\"><\/div><input type=\"hidden\" name=\"trp-form-language\" value=\"en\"\/><\/form><\/div>  <!-- .wpforms-container -->\n<br \/>\n<p>When you submit the above form, you simultaneously consent to mit.dk processing and using the submitted personal data to contact you. You always have the option to withdraw your consent by contacting us or replying to the emails you receive from us. The personal data will be processed in accordance with our <a href=\"\/en\/privatlivspolitik\/\">privacy policy<\/a>.<\/p>","protected":false},"excerpt":{"rendered":"<p>Administr\u00e9r mit.dk med Administrationsportalen Vil I have enkel administration og et godt overblik? Administrationsportalen er jeres cockpit til mit.dk. Her har I overblik over jeres profil og I kan styre og opdatere jeres ops\u00e6tning. Administrationsportalen er brugervenlig og tilpasses jeres behov, n\u00e5r I g\u00e5r i gang med at bruge mit.dk. &nbsp; Administrationsportal: Funktioner og fordele&hellip;<\/p>","protected":false},"author":1,"featured_media":0,"parent":0,"menu_order":0,"comment_status":"closed","ping_status":"closed","template":"","meta":{"footnotes":""},"class_list":["post-622","page","type-page","status-publish","hentry"],"_links":{"self":[{"href":"https:\/\/mit.dk\/en\/wp-json\/wp\/v2\/pages\/622","targetHints":{"allow":["GET"]}}],"collection":[{"href":"https:\/\/mit.dk\/en\/wp-json\/wp\/v2\/pages"}],"about":[{"href":"https:\/\/mit.dk\/en\/wp-json\/wp\/v2\/types\/page"}],"author":[{"embeddable":true,"href":"https:\/\/mit.dk\/en\/wp-json\/wp\/v2\/users\/1"}],"replies":[{"embeddable":true,"href":"https:\/\/mit.dk\/en\/wp-json\/wp\/v2\/comments?post=622"}],"version-history":[{"count":11,"href":"https:\/\/mit.dk\/en\/wp-json\/wp\/v2\/pages\/622\/revisions"}],"predecessor-version":[{"id":1674,"href":"https:\/\/mit.dk\/en\/wp-json\/wp\/v2\/pages\/622\/revisions\/1674"}],"wp:attachment":[{"href":"https:\/\/mit.dk\/en\/wp-json\/wp\/v2\/media?parent=622"}],"curies":[{"name":"wp","href":"https:\/\/api.w.org\/{rel}","templated":true}]}}