{"id":607,"date":"2024-10-30T02:30:53","date_gmt":"2024-10-30T00:30:53","guid":{"rendered":"https:\/\/mitdk-prod-b3cphaemhph8gef8.swedencentral-01.azurewebsites.net\/?page_id=607"},"modified":"2024-11-20T14:12:09","modified_gmt":"2024-11-20T13:12:09","slug":"consent","status":"publish","type":"page","link":"https:\/\/mit.dk\/en\/consent","title":{"rendered":"Consent"},"content":{"rendered":"<h1>\n\t\tG\u00f8r det enkelt at afgive samtykke\n\t<\/h1>\n\t<p>Har I brug for at indhente samtykke fra kunderne?<\/p>\nConsent is central to many processes across systems. This applies, for example, to consent for sharing information or legal documents, collecting information, or changing terms.<br \/>\nDet er vigtigt for alle, at sikkerheden omkring samtykket er i orden, b\u00e5de n\u00e5r det g\u00e6lder indhentning og opbevaring af samtykker. Med mit.dk er det ikke l\u00e6ngere n\u00f8dvendigt at sende dokumenter frem og tilbage via flere kanaler eller i flere trin &#8211; for det hele sker inden for \u00e9t sikkert digitalt system.\n<h2>\n\t\tS\u00e5 enkel er samtykke processen \n\t<\/h2>\n\tDeler din virksomhed mange fortrolige dokumenter p\u00e5 tv\u00e6rs af enheder?<br \/>\nMed mit.dk kan du sikkert og fortroligt dele f\u00f8lsomme dokumenter. Processen best\u00e5r kun af f\u00e5 trin &#8211; aldrig har samtykke processen v\u00e6ret lettere.\n\t\t\t\t<img loading=\"lazy\" decoding=\"async\" src=\"\/wp-content\/uploads\/ikon-small-samtykke.png\" alt=\"ikon-small-samtykke\" itemprop=\"image\" height=\"57\" width=\"58\" title=\"ikon-small-samtykke\" onerror=\"this.style.display='none'\"  \/>\n\t<h3>Collect consent<\/h3>\n<p>G\u00f8r det helt enkelt at afgive samtykke via en knap i beskeden, s\u00e5 kunden ikke beh\u00f8ver at klikke sig videre eller logge ind andre steder.<\/p>\n\t\t\t\t<img loading=\"lazy\" decoding=\"async\" src=\"\/wp-content\/uploads\/ikon-small-selvbetjening.png\" alt=\"ikon-small-selvbetjening\" itemprop=\"image\" height=\"56\" width=\"57\" title=\"ikon-small-selvbetjening\" onerror=\"this.style.display='none'\"  \/>\n\t<h3>Enkel proces<\/h3>\n<p>N\u00e5r jeres selvbetjeningssystem er integreret med mit.dk, bliver det lettere og hurtigere for kunderne at afgive de n\u00f8dvendige samtykker &#8211; og I slipper for at rykke for handling.<\/p>\n\t\t\t\t<img loading=\"lazy\" decoding=\"async\" src=\"\/wp-content\/uploads\/ikon-small-lock.png\" alt=\"ikon-small-lock\" itemprop=\"image\" height=\"58\" width=\"57\" title=\"ikon-small-lock\" onerror=\"this.style.display='none'\"  \/>\n\t<h3>High security<\/h3>\n<p>Al kommunikation bliver sendt og opbevaret sikkert i mit.dk. Det g\u00e6lder ogs\u00e5 den, der handler om samtykke &#8211; i mit.dk sker det hele i GDPR-compliant milj\u00f8.<\/p>\n\t\t\t\t<img loading=\"lazy\" decoding=\"async\" src=\"\/wp-content\/uploads\/ikon-small-bekraeftelse-1.png\" alt=\"ikon-small-bekraeftelse\" itemprop=\"image\" height=\"57\" width=\"57\" title=\"ikon-small-bekraeftelse\" onerror=\"this.style.display='none'\"  \/>\n\t<h3>Godt overblik<\/h3>\n<p>For kunderne har mit.dk den store fordel, at de altid har overblik over alle de samtykker, de har afgivet &#8211; og kan tr\u00e6kke et samtykke tilbage, hvis de \u00f8nsker<\/p>\n<h2>\n\t\tKom i gang med samtykke i mit.dk\n\t<\/h2>\n\t<p>Contact us at +45 70802580 or <a href=\"mailto:info@mit.dk\">info@mit.dk<\/a> to learn more about the possibilities.<\/p>","protected":false},"excerpt":{"rendered":"<p>G\u00f8r det enkelt at afgive samtykke Har I brug for at indhente samtykke fra kunderne? Samtykket er centralt i mange processer p\u00e5 tv\u00e6rs af systemer. Det g\u00e6lder fx samtykke til deling af oplysninger eller juridiske dokumenter, indhentning af informationer eller \u00e6ndring af vilk\u00e5r. Det er vigtigt for alle, at sikkerheden omkring samtykket er i orden,&hellip;<\/p>","protected":false},"author":1,"featured_media":0,"parent":0,"menu_order":0,"comment_status":"closed","ping_status":"closed","template":"","meta":{"footnotes":""},"class_list":["post-607","page","type-page","status-publish","hentry"],"_links":{"self":[{"href":"https:\/\/mit.dk\/en\/wp-json\/wp\/v2\/pages\/607","targetHints":{"allow":["GET"]}}],"collection":[{"href":"https:\/\/mit.dk\/en\/wp-json\/wp\/v2\/pages"}],"about":[{"href":"https:\/\/mit.dk\/en\/wp-json\/wp\/v2\/types\/page"}],"author":[{"embeddable":true,"href":"https:\/\/mit.dk\/en\/wp-json\/wp\/v2\/users\/1"}],"replies":[{"embeddable":true,"href":"https:\/\/mit.dk\/en\/wp-json\/wp\/v2\/comments?post=607"}],"version-history":[{"count":3,"href":"https:\/\/mit.dk\/en\/wp-json\/wp\/v2\/pages\/607\/revisions"}],"predecessor-version":[{"id":1066,"href":"https:\/\/mit.dk\/en\/wp-json\/wp\/v2\/pages\/607\/revisions\/1066"}],"wp:attachment":[{"href":"https:\/\/mit.dk\/en\/wp-json\/wp\/v2\/media?parent=607"}],"curies":[{"name":"wp","href":"https:\/\/api.w.org\/{rel}","templated":true}]}}