{"id":566,"date":"2024-10-30T01:37:24","date_gmt":"2024-10-29T23:37:24","guid":{"rendered":"https:\/\/mitdk-prod-b3cphaemhph8gef8.swedencentral-01.azurewebsites.net\/?page_id=566"},"modified":"2025-01-07T13:56:41","modified_gmt":"2025-01-07T12:56:41","slug":"pay","status":"publish","type":"page","link":"https:\/\/mit.dk\/en\/pay","title":{"rendered":"Pay"},"content":{"rendered":"<h1>\n\t\tMake it simple and quick to pay\n\t<\/h1>\n\t<p>Do you want to increase the chances of payments being made on time?<\/p>\n<p>Jo nemmere det er at betale regningen, jo st\u00f8rre er sandsynligheden for, at den bliver betalt. I mit.dk kan kunderne g\u00e5 direkte fra regning til betaling i sikre, digitale rammer &#8211; b\u00e5de n\u00e5r det g\u00e6lder enkeltst\u00e5ende betalinger og faste opkr\u00e6vninger. Samtidig s\u00f8rger automatiske notifikationer  for, at kunderne ikke glemmer fristen og betaler til tiden.<\/p>\n\t\t\t<a href=\"\/wp-content\/uploads\/pay_10_2024.pdf\" download target=\"_self\">\n\t\t\t\t\t\tDownload product sheet\n\t\t\t\t\t<\/a>\n\t\t\t\t<img loading=\"lazy\" decoding=\"async\" src=\"\/wp-content\/uploads\/pay-animation.gif\" alt=\"pay-animation\" itemprop=\"image\" height=\"540\" width=\"540\" title=\"pay-animation\" onerror=\"this.style.display='none'\"  \/>\n<h2>\n\t\tLet's have an informal chat\n\t<\/h2>\n\t<p>mit.dk has great potential to create noticeable results and strengthen your company. We would love to tell you how.<\/p>\n\t\t\t<a href=\"#\" role=\"button\">\n\t\t\t\t\t\t\tI want to know more\n\t\t\t\t\t<\/a>\n\t\t<h3>Let's have an informal chat<\/h3>\n<div class=\"wpforms-container wpforms-container-full wpforms-render-modern\" id=\"wpforms-1436\"><form id=\"wpforms-form-1436\" class=\"wpforms-validate wpforms-form wpforms-ajax-form\" data-formid=\"1436\" method=\"post\" enctype=\"multipart\/form-data\" action=\"\/en\/wp-json\/wp\/v2\/pages\/566\" data-token=\"c57492e3deba279ced1eb0119cfba863\" data-token-time=\"1777222174\" data-trp-original-action=\"\/en\/wp-json\/wp\/v2\/pages\/566\"><noscript class=\"wpforms-error-noscript\">Please enable JavaScript in your browser to complete this form.<\/noscript><div class=\"wpforms-hidden\" id=\"wpforms-error-noscript\">Please enable JavaScript in your browser to complete this form.<\/div><div class=\"wpforms-field-container\"><div id=\"wpforms-1436-field_12-container\" class=\"wpforms-field wpforms-field-layout\" data-field-id=\"12\"><div class=\"wpforms-field-layout-rows wpforms-field-large\"><div class=\"wpforms-layout-row\"><div class=\"wpforms-layout-column wpforms-layout-column-50\"><div id=\"wpforms-1436-field_1-container\" class=\"wpforms-field wpforms-field-name\" data-field-id=\"1\"><label class=\"wpforms-field-label\" for=\"wpforms-1436-field_1\">Your name <span class=\"wpforms-required-label\" aria-hidden=\"true\">*<\/span><\/label><input type=\"text\" id=\"wpforms-1436-field_1\" class=\"wpforms-field-large wpforms-field-required\" name=\"wpforms[fields][1]\" aria-errormessage=\"wpforms-1436-field_1-error\" required><\/div><\/div><div class=\"wpforms-layout-column wpforms-layout-column-50\"><div id=\"wpforms-1436-field_2-container\" class=\"wpforms-field wpforms-field-email\" data-field-id=\"2\"><label class=\"wpforms-field-label\" for=\"wpforms-1436-field_2\">E-mail address <span class=\"wpforms-required-label\" aria-hidden=\"true\">*<\/span><\/label><input type=\"email\" id=\"wpforms-1436-field_2\" class=\"wpforms-field-large wpforms-field-required\" name=\"wpforms[fields][2]\" spellcheck=\"false\" aria-errormessage=\"wpforms-1436-field_2-error\" required><\/div><\/div><\/div><div class=\"wpforms-layout-row\"><div class=\"wpforms-layout-column wpforms-layout-column-50\"><div id=\"wpforms-1436-field_10-container\" class=\"wpforms-field wpforms-field-text\" data-field-id=\"10\"><label class=\"wpforms-field-label\" for=\"wpforms-1436-field_10\">Telephone number <span class=\"wpforms-required-label\" aria-hidden=\"true\">*<\/span><\/label><input type=\"text\" id=\"wpforms-1436-field_10\" class=\"wpforms-field-large wpforms-field-required\" name=\"wpforms[fields][10]\" aria-errormessage=\"wpforms-1436-field_10-error\" required><\/div><\/div><div class=\"wpforms-layout-column wpforms-layout-column-50\"><div id=\"wpforms-1436-field_5-container\" class=\"wpforms-field wpforms-field-text\" data-field-id=\"5\"><label class=\"wpforms-field-label\" for=\"wpforms-1436-field_5\">Company <span class=\"wpforms-required-label\" aria-hidden=\"true\">*<\/span><\/label><input type=\"text\" id=\"wpforms-1436-field_5\" class=\"wpforms-field-large wpforms-field-required\" name=\"wpforms[fields][5]\" aria-errormessage=\"wpforms-1436-field_5-error\" required><\/div><\/div><\/div><\/div><\/div><div id=\"wpforms-1436-field_11-container\" class=\"wpforms-field wpforms-field-textarea\" data-field-id=\"11\"><label class=\"wpforms-field-label\" for=\"wpforms-1436-field_11\">Message<\/label><textarea id=\"wpforms-1436-field_11\" class=\"wpforms-field-medium\" name=\"wpforms[fields][11]\" aria-errormessage=\"wpforms-1436-field_11-error\" ><\/textarea><\/div><\/div><!-- .wpforms-field-container --><div class=\"wpforms-submit-container\" ><input type=\"hidden\" name=\"wpforms[id]\" value=\"1436\"><input type=\"hidden\" name=\"page_title\" value=\"\"><input type=\"hidden\" name=\"page_url\" value=\"https:\/\/mit.dk\/en\/wp-json\/wp\/v2\/pages\/566\"><input type=\"hidden\" name=\"url_referer\" value=\"\"><button type=\"submit\" name=\"wpforms[submit]\" id=\"wpforms-submit-1436\" class=\"wpforms-submit contact-button\" data-alt-text=\"Sender...\" data-submit-text=\"Jeg vil gerne vide mere\" aria-live=\"assertive\" value=\"wpforms-submit\">I want to know more<\/button><img loading=\"lazy\" decoding=\"async\" src=\"\/wp-content\/plugins\/wpforms\/assets\/images\/submit-spin.svg\" class=\"wpforms-submit-spinner\" style=\"display: none;\" width=\"26\" height=\"26\" alt=\"Loading\"><\/div><input type=\"hidden\" name=\"trp-form-language\" value=\"en\"\/><\/form><\/div>  <!-- .wpforms-container -->\n<br \/>\n<p>When you submit the above form, you simultaneously consent to mit.dk processing and using the submitted personal data to contact you. You always have the option to withdraw your consent by contacting us or replying to the emails you receive from us. The personal data will be processed in accordance with our <a href=\"\/en\/privatlivspolitik\/\">privacy policy<\/a>.<\/p>\t\n<h2>\n\t\tLet customers pay how they want\n\t<\/h2>\n\t<p>Pay in mit.dk supports several different well-known payment solutions, so you can let customers choose their preferred payment method.<\/p>\n\t\t\t\t<p><img loading=\"lazy\" decoding=\"async\" src=\"\/wp-content\/uploads\/bankbetaling.png\" alt=\"\" width=\"178\" height=\"50\" \/><\/p>\n<p><img loading=\"lazy\" decoding=\"async\" src=\"\/wp-content\/uploads\/pay-bankbetaling.gif\" alt=\"\" width=\"540\" height=\"540\" \/><\/p>\n\t\t\t\t<p><img loading=\"lazy\" decoding=\"async\" src=\"\/wp-content\/uploads\/mobilepay.png\" alt=\"\" width=\"108\" height=\"35\" \/><\/p>\n<p><img loading=\"lazy\" decoding=\"async\" src=\"\/wp-content\/uploads\/pay-mobilepay.gif\" alt=\"\" width=\"540\" height=\"540\" \/><\/p>\n\t\t\t\t<p><img loading=\"lazy\" decoding=\"async\" src=\"\/wp-content\/uploads\/betalingsservice.png\" alt=\"\" width=\"197\" height=\"85\" \/><\/p>\n<p><img loading=\"lazy\" decoding=\"async\" src=\"\/wp-content\/uploads\/pay-betalingsservice.gif\" alt=\"\" width=\"540\" height=\"540\" \/><\/p>\n\t\t\t\t<a href=\"#\" aria-label=\"previous\" role=\"button\">\n<\/a>\n\t\t\t\t<a href=\"#\" aria-label=\"next\" role=\"button\">\n<\/a>\n<h2>\n\t\tPayment: Features and benefits\n\t<\/h2>\n\t\t\t\t<img loading=\"lazy\" decoding=\"async\" src=\"\/wp-content\/uploads\/ikon-small-pay-card.png\" alt=\"ikon-small-pay-card\" itemprop=\"image\" height=\"57\" width=\"57\" title=\"ikon-small-pay-card\" onerror=\"this.style.display='none'\"  \/>\n\t<h3>More payment methods<\/h3>\n<p>Kunden kan let betale med MobilePay eller Betalingsservice &#8211; eller direkte via bankoverf\u00f8rsel uden at skulle logge ind i sin netbank.<\/p>\n\t\t\t\t<img loading=\"lazy\" decoding=\"async\" src=\"\/wp-content\/uploads\/ikon-small-bell.png\" alt=\"ikon-small-bell\" itemprop=\"image\" height=\"57\" width=\"57\" title=\"ikon-small-bell\" onerror=\"this.style.display='none'\"  \/>\n\t<h3>Custom notifications<\/h3>\n<p>Customers decide for themselves whether they want a notification about the payment via SMS, email, or in the mit.dk app.<\/p>\n\t\t\t\t<img loading=\"lazy\" decoding=\"async\" src=\"\/wp-content\/uploads\/ikon-small-bekraeftelse-1.png\" alt=\"ikon-small-bekraeftelse\" itemprop=\"image\" height=\"57\" width=\"57\" title=\"ikon-small-bekraeftelse\" onerror=\"this.style.display='none'\"  \/>\n\t<h3>Payment in installments<\/h3>\n<p>If the payment is made in installments, it is easy for the customer to pay and get an overview of the installments.<\/p>\n\t\t\t\t<img loading=\"lazy\" decoding=\"async\" src=\"\/wp-content\/uploads\/ikon-small-clock.png\" alt=\"ikon-small-clock\" itemprop=\"image\" height=\"57\" width=\"57\" title=\"ikon-small-clock\" onerror=\"this.style.display='none'\"  \/>\n\t<h3>Get payment on time<\/h3>\n<p>Your customer avoids payment reminders on their bill because they receive notifications before the due date.<\/p>\n\t\t\t\t<img loading=\"lazy\" decoding=\"async\" src=\"\/wp-content\/uploads\/ikon-small-pay-card.png\" alt=\"ikon-small-pay-card\" itemprop=\"image\" height=\"57\" width=\"57\" title=\"ikon-small-pay-card\" onerror=\"this.style.display='none'\"  \/>\n\t<h3>Choose preferred payment method<\/h3>\n<p>Customers can choose how they prefer to pay in the future.<\/p>\n\t\t\t\t<img loading=\"lazy\" decoding=\"async\" src=\"\/wp-content\/uploads\/image-small-flows.png\" alt=\"image-small-flows\" itemprop=\"image\" height=\"57\" width=\"57\" title=\"image-small-flows\" onerror=\"this.style.display='none'\"  \/>\n\t<h3>Betalingsservice registration<\/h3>\n<p>The customer can easily sign up for Betalingsservice in mit.dk, so future payments are made automatically.<\/p>\n\t\t\t\t<img loading=\"lazy\" decoding=\"async\" src=\"\/wp-content\/uploads\/ikon-small-calendar.png\" alt=\"ikon-small-calendar\" itemprop=\"image\" height=\"57\" width=\"57\" title=\"ikon-small-calendar\" onerror=\"this.style.display='none'\"  \/>\n\t<h3>Schedule payment<\/h3>\n<p>The customer can either pay immediately or schedule the bill for payment on a future date.<\/p>\n\t\t\t\t<img loading=\"lazy\" decoding=\"async\" src=\"\/wp-content\/uploads\/ikon-small-recuring.png\" alt=\"ikon-small-recuring\" itemprop=\"image\" height=\"57\" width=\"57\" title=\"ikon-small-recuring\" onerror=\"this.style.display='none'\"  \/>\n\t<h3>Fixed payments<\/h3>\n<p>If the customer has fixed payments, such as subscriptions, it is also quick and easy to pay on mit.dk.<\/p>","protected":false},"excerpt":{"rendered":"<p>G\u00f8r det enkelt og hurtigt at betale Vil du \u00f8ge chancen for, at betalingerne sker til tiden? Jo nemmere det er at betale regningen, jo st\u00f8rre er sandsynligheden for, at den bliver betalt. I mit.dk kan kunderne g\u00e5 direkte fra regning til betaling i sikre, digitale rammer &#8211; b\u00e5de n\u00e5r det g\u00e6lder enkeltst\u00e5ende betalinger og&hellip;<\/p>","protected":false},"author":1,"featured_media":0,"parent":0,"menu_order":0,"comment_status":"closed","ping_status":"closed","template":"","meta":{"footnotes":""},"class_list":["post-566","page","type-page","status-publish","hentry"],"_links":{"self":[{"href":"https:\/\/mit.dk\/en\/wp-json\/wp\/v2\/pages\/566","targetHints":{"allow":["GET"]}}],"collection":[{"href":"https:\/\/mit.dk\/en\/wp-json\/wp\/v2\/pages"}],"about":[{"href":"https:\/\/mit.dk\/en\/wp-json\/wp\/v2\/types\/page"}],"author":[{"embeddable":true,"href":"https:\/\/mit.dk\/en\/wp-json\/wp\/v2\/users\/1"}],"replies":[{"embeddable":true,"href":"https:\/\/mit.dk\/en\/wp-json\/wp\/v2\/comments?post=566"}],"version-history":[{"count":13,"href":"https:\/\/mit.dk\/en\/wp-json\/wp\/v2\/pages\/566\/revisions"}],"predecessor-version":[{"id":1533,"href":"https:\/\/mit.dk\/en\/wp-json\/wp\/v2\/pages\/566\/revisions\/1533"}],"wp:attachment":[{"href":"https:\/\/mit.dk\/en\/wp-json\/wp\/v2\/media?parent=566"}],"curies":[{"name":"wp","href":"https:\/\/api.w.org\/{rel}","templated":true}]}}