{"id":493,"date":"2024-10-29T15:22:50","date_gmt":"2024-10-29T13:22:50","guid":{"rendered":"https:\/\/mitdk-prod-b3cphaemhph8gef8.swedencentral-01.azurewebsites.net\/?page_id=493"},"modified":"2024-12-13T14:00:17","modified_gmt":"2024-12-13T13:00:17","slug":"connect","status":"publish","type":"page","link":"https:\/\/mit.dk\/en\/connect","title":{"rendered":"Connect"},"content":{"rendered":"<h1>\n\t\tGather information and create good flows\n\t<\/h1>\n\t<p>Vil I g\u00f8re det nemt for kunderne at svare &#8211; og enkelt for virksomheden at indsamle data?<\/p>\n<p>In customer dialogue, it is often necessary to ask questions and get answers. This can apply to important questions before a health visit, collecting information in connection with an application, registrations, or obtaining consent.<\/p>\n<p>Connect in mit.dk makes it easy and secure for both customers and the company to exchange information in flows around, for example:<\/p>\n<ul>\n<li>Screening<\/li>\n<li>Registration<\/li>\n<li>Application<\/li>\n<li>Approval<\/li>\n<li>Documentation<\/li>\n<li>Verification<\/li>\n<\/ul>\n<p>Samtidig f\u00e5r I nye muligheder for at automatisere processer og indsamle data, som giver indsigt i kundernes adf\u00e6rd og oplevelse &#8211; og som kan bruges strategisk til at styrke kunderejsen.<\/p>\n\t\t\t\t<img loading=\"lazy\" decoding=\"async\" src=\"\/wp-content\/uploads\/connect-animation.gif\" alt=\"connect-animation\" itemprop=\"image\" height=\"540\" width=\"540\" title=\"connect-animation\" onerror=\"this.style.display='none'\"  \/>\n\t\t\t<a href=\"\/wp-content\/uploads\/connect_10_2024.pdf\" download target=\"_self\">\n\t\t\t\t\t\tDownload product sheet\n\t\t\t\t\t<\/a>\n\t<strong>Connect makes it easy to obtain consent<\/strong>\nSamtykket er centralt i mange processer p\u00e5 tv\u00e6rs af systemer. Det g\u00e6lder fx samtykke til deling af oplysninger eller juridiske dokumenter, indhentning af informationer eller \u00e6ndring af vilk\u00e5r.\nDet er vigtigt for alle, at sikkerheden omkring samtykket er i orden, b\u00e5de n\u00e5r det g\u00e6lder indhentning og opbevaring af samtykker. Med mit.dk er det ikke l\u00e6ngere n\u00f8dvendigt at sende dokumenter frem og tilbage via flere kanaler eller i flere trin &#8211; for det hele sker inden for \u00e9t sikkert digitalt system.\n\t\t\t\t<img loading=\"lazy\" decoding=\"async\" src=\"\/wp-content\/uploads\/ikon-small-samtykke.png\" alt=\"ikon-small-samtykke\" itemprop=\"image\" height=\"57\" width=\"58\" title=\"ikon-small-samtykke\" onerror=\"this.style.display='none'\"  \/>\n\t<h3>Easy to set up<\/h3>\n<p>It is easy to set up and create exactly the forms you need in your dialogue with customers. You choose which information the Connect form should collect.<\/p>\n\t\t\t\t<img loading=\"lazy\" decoding=\"async\" src=\"\/wp-content\/uploads\/ikon-small-checkmark.png\" alt=\"ikon-small-checkmark\" itemprop=\"image\" height=\"57\" width=\"57\" title=\"ikon-small-checkmark\" onerror=\"this.style.display='none'\"  \/>\n\t<h3>Easy to reply<\/h3>\n<p>Place a reply button directly in the digital mail and make it easy for the customer to answer questions immediately without having to switch to an email program or log in elsewhere.<\/p>\n\t\t\t\t<img loading=\"lazy\" decoding=\"async\" src=\"\/wp-content\/uploads\/image-small-flows.png\" alt=\"image-small-flows\" itemprop=\"image\" height=\"57\" width=\"57\" title=\"image-small-flows\" onerror=\"this.style.display='none'\"  \/>\n\t<h3>Simple flows<\/h3>\n<p>By setting up forms in mit.dk, you can provide customers with a consistent experience and simplify the journey through many different flows. For example, customers can go directly from an invitation to a form and continue in the process without having to log in multiple times.<\/p>\n\t\t\t\t<img loading=\"lazy\" decoding=\"async\" src=\"\/wp-content\/uploads\/ikon-small-felter.png\" alt=\"ikon-small-felter\" itemprop=\"image\" height=\"57\" width=\"57\" title=\"ikon-small-felter\" onerror=\"this.style.display='none'\"  \/>\n\t<h3>Define fields<\/h3>\n<p>You can select and define the fields the customer needs to fill out to proceed. This can apply, for example, to choosing a payment method or uploading files for documentation.<\/p>\n\t\t\t\t<img loading=\"lazy\" decoding=\"async\" src=\"\/wp-content\/uploads\/ikon-small-bekraeftelse.png\" alt=\"ikon-small-bekraeftelse\" itemprop=\"image\" height=\"57\" width=\"57\" title=\"ikon-small-bekraeftelse\" onerror=\"this.style.display='none'\"  \/>\n\t<h3>Collect consent<\/h3>\n<p>Make it very simple to give consent via a button in the message, so the customer does not need to click further or log in elsewhere.<\/p>\n\t\t\t\t<img loading=\"lazy\" decoding=\"async\" src=\"\/wp-content\/uploads\/ikon-small-lock.png\" alt=\"ikon-small-lock\" itemprop=\"image\" height=\"58\" width=\"57\" title=\"ikon-small-lock\" onerror=\"this.style.display='none'\"  \/>\n\t<h3>High security<\/h3>\n<p>Al kommunikation bliver sendt og opbevaret sikkert i mit.dk. Det g\u00e6lder ogs\u00e5 den, der handler om samtykke &#8211; i mit.dk sker det hele i GDPR-compliant milj\u00f8.<\/p>\n\t\t\t\t<img loading=\"lazy\" decoding=\"async\" src=\"\/wp-content\/uploads\/ikon-small-recuring.png\" alt=\"ikon-small-recuring\" itemprop=\"image\" height=\"57\" width=\"57\" title=\"ikon-small-recuring\" onerror=\"this.style.display='none'\"  \/>\n\t<h3>Automatic confirmation<\/h3>\n<p>B\u00e5de kunde og virksomhed f\u00e5r en bekr\u00e6ftelse p\u00e5, at Connect formularen er udfyldt &#8211; s\u00e5 kundedialogen kan forts\u00e6tte.<\/p>\n\t\t\t\t<img loading=\"lazy\" decoding=\"async\" src=\"\/wp-content\/uploads\/ikon-small-data.png\" alt=\"ikon-small-data\" itemprop=\"image\" height=\"56\" width=\"57\" title=\"ikon-small-data\" onerror=\"this.style.display='none'\"  \/>\n\t<h3>Structured data<\/h3>\n<p>Through Connect forms, you can collect data that provides insight into customers' digital behavior. These insights can be used to improve and target the customer journey.<\/p>\n<h2>\n\t\tLet's have an informal chat\n\t<\/h2>\n\t<p>Digital post har stort potentiale til at skabe m\u00e6rkbare resultater og styrke din virksomhed. Vi vil meget gerne fort\u00e6lle dig hvordan.<\/p>\n\t\t\t<a href=\"\/en\/kontakt\/\" target=\"_self\">\n\t\t\t\t\t\t\tJeg vil gerne vide hvordan\n\t\t\t\t\t<\/a>","protected":false},"excerpt":{"rendered":"<p>Indhent informationer og skab gode flows Vil I g\u00f8re det nemt for kunderne at svare &#8211; og enkelt for virksomheden at indsamle data? I kundedialogen kan det ofte v\u00e6re n\u00f8dvendigt at sp\u00f8rge og f\u00e5 svar. Det kan fx g\u00e6lde vigtige sp\u00f8rgsm\u00e5l inden et sundhedsbes\u00f8g, indhentning af oplysninger i forbindelse med en ans\u00f8gning, tilmeldinger eller indhente&hellip;<\/p>","protected":false},"author":1,"featured_media":0,"parent":0,"menu_order":0,"comment_status":"closed","ping_status":"closed","template":"","meta":{"footnotes":""},"class_list":["post-493","page","type-page","status-publish","hentry"],"_links":{"self":[{"href":"https:\/\/mit.dk\/en\/wp-json\/wp\/v2\/pages\/493","targetHints":{"allow":["GET"]}}],"collection":[{"href":"https:\/\/mit.dk\/en\/wp-json\/wp\/v2\/pages"}],"about":[{"href":"https:\/\/mit.dk\/en\/wp-json\/wp\/v2\/types\/page"}],"author":[{"embeddable":true,"href":"https:\/\/mit.dk\/en\/wp-json\/wp\/v2\/users\/1"}],"replies":[{"embeddable":true,"href":"https:\/\/mit.dk\/en\/wp-json\/wp\/v2\/comments?post=493"}],"version-history":[{"count":11,"href":"https:\/\/mit.dk\/en\/wp-json\/wp\/v2\/pages\/493\/revisions"}],"predecessor-version":[{"id":1430,"href":"https:\/\/mit.dk\/en\/wp-json\/wp\/v2\/pages\/493\/revisions\/1430"}],"wp:attachment":[{"href":"https:\/\/mit.dk\/en\/wp-json\/wp\/v2\/media?parent=493"}],"curies":[{"name":"wp","href":"https:\/\/api.w.org\/{rel}","templated":true}]}}