{"id":459,"date":"2024-10-29T14:51:17","date_gmt":"2024-10-29T12:51:17","guid":{"rendered":"https:\/\/mitdk-prod-b3cphaemhph8gef8.swedencentral-01.azurewebsites.net\/?page_id=459"},"modified":"2024-12-12T14:01:39","modified_gmt":"2024-12-12T13:01:39","slug":"events","status":"publish","type":"page","link":"https:\/\/mit.dk\/en\/events","title":{"rendered":"Events"},"content":{"rendered":"<p>Events and webinars<\/p>\n<h1>New events on the way<\/h1>\n<p>There are currently no upcoming events. But we have new ones on the way. Sign up for our newsletter and get notified when new exciting events or webinars are scheduled.<\/p>\n\t\t\t\t<img loading=\"lazy\" decoding=\"async\" src=\"\/wp-content\/uploads\/event-illustration.png\" alt=\"event-illustration\" itemprop=\"image\" height=\"600\" width=\"998\" title=\"event-illustration\" onerror=\"this.style.display='none'\"  \/>\n<h2>\n\t\tPast events\n\t<\/h2>\n\t\t\t\t<img loading=\"lazy\" decoding=\"async\" src=\"\/wp-content\/uploads\/webinar_01-10-2024-300x300.jpg\" alt=\"webinar_01-10-2024\" itemprop=\"image\" height=\"300\" width=\"300\" title=\"webinar_01-10-2024\" onerror=\"this.style.display='none'\"  \/>\n\tWebinar<br \/>\n<strong>1. oktober 2024 | 10:00 &#8211; 10:45<\/strong>\n<h3>Effektiv og sikker digital signering med mit.dk Sign.<\/h3>\n\t\t\t\t<img loading=\"lazy\" decoding=\"async\" src=\"\/wp-content\/uploads\/webinar_20-06-2024-300x300.jpg\" alt=\"webinar_20-06-2024\" itemprop=\"image\" height=\"300\" width=\"300\" title=\"webinar_20-06-2024\" onerror=\"this.style.display='none'\"  \/>\n\tWebinar<br \/>\n<strong>20. august 2024 | 10:00 &#8211; 10:45<\/strong>\n<h3>Skab v\u00e6rdi for dine kunder med nemme betalingsl\u00f8sninger og sikker udveksling af information via mit.dk.<\/h3>\n\t\t\t\t<img loading=\"lazy\" decoding=\"async\" src=\"\/wp-content\/uploads\/webinar_19-03-2024-300x300.jpg\" alt=\"webinar_19-03-2024\" itemprop=\"image\" height=\"300\" width=\"300\" title=\"webinar_19-03-2024\" onerror=\"this.style.display='none'\"  \/>\n\tWebinar<br \/>\n<strong>19. marts 2024 | 13:00 &#8211; 14:00<\/strong>\n<h3>mit.dk Connect &#8211; Automatisering af processer ifm. bobehandling.<\/h3>\n\t<p><strong>Receive updates before anyone else, and get invitations to events from mit.dk, directly in your inbox.<\/strong><\/p>\n\t\t\t<a href=\"#\" role=\"button\">\n\t\t\t\t\t\t\t<span class=\"en-nowrap\">Yes please!<\/span>\n\t\t\t\t\t<\/a>\n\t\t<h3>Your contact information<\/h3>\n<div class=\"wpforms-container wpforms-container-full wpforms-render-modern\" id=\"wpforms-770\"><form id=\"wpforms-form-770\" class=\"wpforms-validate wpforms-form wpforms-ajax-form\" data-formid=\"770\" method=\"post\" enctype=\"multipart\/form-data\" action=\"\/en\/wp-json\/wp\/v2\/pages\/459\" data-token=\"20e21b72278fb05c0be50c9a35318cfe\" data-token-time=\"1777227832\" data-trp-original-action=\"\/en\/wp-json\/wp\/v2\/pages\/459\"><noscript class=\"wpforms-error-noscript\">Please enable JavaScript in your browser to complete this form.<\/noscript><div class=\"wpforms-hidden\" id=\"wpforms-error-noscript\">Please enable JavaScript in your browser to complete this form.<\/div><div class=\"wpforms-field-container\"><div id=\"wpforms-770-field_1-container\" class=\"wpforms-field wpforms-field-name\" data-field-id=\"1\"><label class=\"wpforms-field-label\" for=\"wpforms-770-field_1\">Full name <span class=\"wpforms-required-label\" aria-hidden=\"true\">*<\/span><\/label><input type=\"text\" id=\"wpforms-770-field_1\" class=\"wpforms-field-large wpforms-field-required\" name=\"wpforms[fields][1]\" aria-errormessage=\"wpforms-770-field_1-error\" required><\/div><div id=\"wpforms-770-field_2-container\" class=\"wpforms-field wpforms-field-email\" data-field-id=\"2\"><label class=\"wpforms-field-label\" for=\"wpforms-770-field_2\">E-mail address <span class=\"wpforms-required-label\" aria-hidden=\"true\">*<\/span><\/label><input type=\"email\" id=\"wpforms-770-field_2\" class=\"wpforms-field-large wpforms-field-required\" name=\"wpforms[fields][2]\" spellcheck=\"false\" aria-errormessage=\"wpforms-770-field_2-error\" required><\/div><div id=\"wpforms-770-field_5-container\" class=\"wpforms-field wpforms-field-text\" data-field-id=\"5\"><label class=\"wpforms-field-label\" for=\"wpforms-770-field_5\">Company <span class=\"wpforms-required-label\" aria-hidden=\"true\">*<\/span><\/label><input type=\"text\" id=\"wpforms-770-field_5\" class=\"wpforms-field-large wpforms-field-required\" name=\"wpforms[fields][5]\" aria-errormessage=\"wpforms-770-field_5-error\" required><\/div><div id=\"wpforms-770-field_9-container\" class=\"wpforms-field wpforms-field-select wpforms-field-select-style-classic\" data-field-id=\"9\"><label class=\"wpforms-field-label\" for=\"wpforms-770-field_9\">Industry <span class=\"wpforms-required-label\" aria-hidden=\"true\">*<\/span><\/label><select id=\"wpforms-770-field_9\" class=\"wpforms-field-large wpforms-field-required\" name=\"wpforms[fields][9]\" required=\"required\"><option value=\"\" class=\"placeholder\" disabled selected='selected'>V\u00e6lg branche...<\/option><option value=\"Bank\" >Bank<\/option><option value=\"Detail\" >Detail<\/option><option value=\"Ejendomsadministration\" >Ejendomsadministration<\/option><option value=\"Finans\" >Finans<\/option><option value=\"Forretningsservice\" >Forretningsservice<\/option><option value=\"Forsikring\" >Forsikring<\/option><option value=\"Forsyning\" >Forsyning<\/option><option value=\"IT\" >IT<\/option><option value=\"Konsulent\" >Konsulent<\/option><option value=\"Offentlig\" >Offentlig<\/option><option value=\"Pension\" >Pension<\/option><option value=\"Post\" >Post<\/option><option value=\"Transport og logistik\" >Transport og logistik<\/option><option value=\"Service\" >Service<\/option><option value=\"Social og Sundhed\" >Social og Sundhed<\/option><option value=\"Telekommunikation\" >Telekommunikation<\/option><option value=\"Uddannelse\" >Uddannelse<\/option><option value=\"Andet\" >Andet<\/option><\/select><\/div><\/div><!-- .wpforms-field-container --><div class=\"wpforms-submit-container\" ><input type=\"hidden\" name=\"wpforms[id]\" value=\"770\"><input type=\"hidden\" name=\"page_title\" value=\"\"><input type=\"hidden\" name=\"page_url\" value=\"https:\/\/mit.dk\/en\/wp-json\/wp\/v2\/pages\/459\"><input type=\"hidden\" name=\"url_referer\" value=\"\"><button type=\"submit\" name=\"wpforms[submit]\" id=\"wpforms-submit-770\" class=\"wpforms-submit red-button\" data-alt-text=\"Sender...\" data-submit-text=\"Indsend\" aria-live=\"assertive\" value=\"wpforms-submit\">Send<\/button><img loading=\"lazy\" decoding=\"async\" src=\"\/wp-content\/plugins\/wpforms\/assets\/images\/submit-spin.svg\" class=\"wpforms-submit-spinner\" style=\"display: none;\" width=\"26\" height=\"26\" alt=\"Loading\"><\/div><input type=\"hidden\" name=\"trp-form-language\" value=\"en\"\/><\/form><\/div>  <!-- .wpforms-container -->\n<br \/>\n<p>When you share your contact information, you consent to mit.dk sending you emails with marketing content. We comply with GDPR (General Data Protection Regulation), which means that we protect your personal data and do not share it with third parties without your permission.<\/p>\n<p>You can unsubscribe from receiving further emails at any time by clicking the unsubscribe link at the bottom of the emails you receive.<\/p>\n<p>By submitting your information, you accept our <a href=\"\/en\/privatlivspolitik\/\">privacy policy<\/a> and <a href=\"\/en\/brugervilkaar\/\">terms and conditions<\/a>.<\/p>","protected":false},"excerpt":{"rendered":"<p>Events og webinarer Nye events p\u00e5 vej Der er i \u00f8jeblikket ingen kommende events. Men vi har nye p\u00e5 vej. Tilmeld dig vores nyhedsbrev og for besked n\u00e5r der er planlagt nye sp\u00e6ndende events eller webinarer. Afholdte events Webinar 1. oktober 2024 | 10:00 &#8211; 10:45 Effektiv og sikker digital signering med mit.dk Sign. Webinar&hellip;<\/p>","protected":false},"author":1,"featured_media":0,"parent":0,"menu_order":0,"comment_status":"closed","ping_status":"closed","template":"","meta":{"footnotes":""},"class_list":["post-459","page","type-page","status-publish","hentry"],"_links":{"self":[{"href":"https:\/\/mit.dk\/en\/wp-json\/wp\/v2\/pages\/459","targetHints":{"allow":["GET"]}}],"collection":[{"href":"https:\/\/mit.dk\/en\/wp-json\/wp\/v2\/pages"}],"about":[{"href":"https:\/\/mit.dk\/en\/wp-json\/wp\/v2\/types\/page"}],"author":[{"embeddable":true,"href":"https:\/\/mit.dk\/en\/wp-json\/wp\/v2\/users\/1"}],"replies":[{"embeddable":true,"href":"https:\/\/mit.dk\/en\/wp-json\/wp\/v2\/comments?post=459"}],"version-history":[{"count":28,"href":"https:\/\/mit.dk\/en\/wp-json\/wp\/v2\/pages\/459\/revisions"}],"predecessor-version":[{"id":1388,"href":"https:\/\/mit.dk\/en\/wp-json\/wp\/v2\/pages\/459\/revisions\/1388"}],"wp:attachment":[{"href":"https:\/\/mit.dk\/en\/wp-json\/wp\/v2\/media?parent=459"}],"curies":[{"name":"wp","href":"https:\/\/api.w.org\/{rel}","templated":true}]}}