{"id":43,"date":"2024-10-23T11:17:31","date_gmt":"2024-10-23T09:17:31","guid":{"rendered":"https:\/\/mitdk-akh3f7ajhwc2esfk.swedencentral-01.azurewebsites.net\/?page_id=43"},"modified":"2026-04-21T07:47:26","modified_gmt":"2026-04-21T06:47:26","slug":"forside","status":"publish","type":"page","link":"https:\/\/mit.dk\/en\/","title":{"rendered":"Forside"},"content":{"rendered":"<h1>\n\t\tDin digitale indgang til alt det vigtige fra det offentlige og private &#8211; sikkert og simpelt.\n\t<\/h1>\n\t\t\t<a href=\"https:\/\/post.mit.dk\/\" target=\"_self\">\n\t\t\t\t\t\t\tLOG IN WITH <img decoding=\"async\" width=\"52\" src=\"\/wp-content\/uploads\/mit-id_logo.svg\" alt=\"MitID\"\/>\n\t\t\t\t\t<\/a>\n\t<p><a href=\"https:\/\/post.mit.dk\/\">Create new user<\/a><\/p>\n<h2>\n\t\t4 ways your everyday life becomes easier\n\t<\/h2>\n\t<p><img decoding=\"async\" src=\"\/wp-content\/uploads\/icon-pay.svg\" alt=\"ikon betaling\" \/><\/p>\n<p>You don\u2019t need to open your online bank and manually pay your bills. You can easily pay with a single click on mit.dk.<\/p>\n\t\t\t\t<img loading=\"lazy\" decoding=\"async\" src=\"\/wp-content\/uploads\/frontpage-payment.png\" alt=\"Eksempel p\u00e5 betaling\" itemprop=\"image\" height=\"280\" width=\"201\" title=\"Eksempel p\u00e5 betaling\" onerror=\"this.style.display='none'\"  \/>\n\t<p><img decoding=\"async\" src=\"\/wp-content\/uploads\/icon-sign.svg\" alt=\"Ikon underskrift\" \/><\/p>\n<p>Avoid printing, scanning, and sending documents that need to be signed. Sign contracts, certificates, and other documents with your MitID on mit.dk.<\/p>\n\t\t\t\t<img loading=\"lazy\" decoding=\"async\" src=\"\/wp-content\/uploads\/frontpage-signature.png\" alt=\"frontpage-signature\" itemprop=\"image\" height=\"111\" width=\"301\" title=\"frontpage-signature\" onerror=\"this.style.display='none'\"  \/>\n\t\t\t\t<img loading=\"lazy\" decoding=\"async\" src=\"\/wp-content\/uploads\/frontpage-inbox.png\" alt=\"Eksempel p\u00e5 beskedoversigt\" itemprop=\"image\" height=\"300\" width=\"200\" title=\"Eksempel p\u00e5 beskedoversigt\" onerror=\"this.style.display='none'\"  \/>\n\t<p><img decoding=\"async\" src=\"\/wp-content\/uploads\/icon-messages.svg\" alt=\"\" width=\"40\" \/><\/p>\n<p>You get a good overview of digital mail from both public authorities and private companies. You can read, write, and respond to what you receive easily, quickly, and securely.<\/p>\n\t<p><img decoding=\"async\" src=\"\/wp-content\/uploads\/icon-connect.svg\" alt=\"ikon connect\" \/><\/p>\n<p>If you are asked to submit information, share documents, or give consent, you can safely do so on mit.dk. Personal and confidential information is well protected.<\/p>\n\t\t\t\t<img loading=\"lazy\" decoding=\"async\" src=\"\/wp-content\/uploads\/frontpage-connect.png\" alt=\"frontpage-connect\" itemprop=\"image\" height=\"280\" width=\"201\" title=\"frontpage-connect\" onerror=\"this.style.display='none'\"  \/>\n\t\t\t<a href=\"\/en\/hvad-er-mit-dk\/\" target=\"_self\">\n\t\t\t\t\t\t\tRead more about mit.dk\n\t\t\t\t\t<\/a>\n<h2>\n\t\tL\u00e6r mit.dk bedre at kende\n\t<\/h2>\n\t<meta itemprop=\"url\" content=\"\/wp-content\/uploads\/MIT-DK-promotion-v11.mp4-forkortet.mp4\" \/><div style=\"width: 640px;\" class=\"wp-video\"><!--[if lt IE 9]><script>document.createElement('video');<\/script><![endif]-->\n<video class=\"wp-video-shortcode\" id=\"video-43-1\" width=\"640\" height=\"360\" poster=\"\/wp-content\/uploads\/frontpage-video-thumbnail.png\" preload=\"none\" controls=\"controls\"><source type=\"video\/mp4\" src=\"\/wp-content\/uploads\/MIT-DK-promotion-v11.mp4-forkortet.mp4?_=1\" \/><source type=\"video\/mp4\" src=\"\/wp-content\/uploads\/MIT-DK-promotion-v11.mp4-forkortet.mp4?_=1\" \/><a href=\"\/wp-content\/uploads\/MIT-DK-promotion-v11.mp4-forkortet.mp4\">\/wp-content\/uploads\/MIT-DK-promotion-v11.mp4-forkortet.mp4<\/a><\/video><\/div>\n<h2>\n\t\tVi er rigtig mange, der bruger mit.dk\n\t<\/h2>\n\t<strong>3.200.000+<\/strong><br \/>\n<strong>Citizens<\/strong>\n\t<p>...and more are joining every day. For mit.dk is the platform of the future for digital mail in Denmark. As a citizen, you have access to mit.dk with your MitID.<\/p>\n\t<strong>740+<\/strong><br \/>\n<strong>Public authorities<\/strong>\n\t<p>In your mit.dk inbox, you receive communication from all public authorities. This includes messages about medical examinations, child benefits, dental care, and taxes.<\/p>\n\t<strong>8.200+<\/strong><br \/>\n<strong>Organizations<\/strong>\n\t<p>Banker, pensionsselskaber, forsikringsselskaber, energiselskaber, patientorganisationer og mange flere sender dig digital post i mit.dk &#8211; og kun her.<\/p>\n\t<p><strong>Receive updates before anyone else, and get invitations to events from mit.dk, directly in your inbox.<\/strong><\/p>\n\t\t\t<a href=\"#\" role=\"button\">\n\t\t\t\t\t\t\t<span class=\"en-nowrap\">Yes please!<\/span>\n\t\t\t\t\t<\/a>\n\t\t<h3>Your contact information<\/h3>\n<div class=\"wpforms-container wpforms-container-full wpforms-render-modern\" id=\"wpforms-770\"><form id=\"wpforms-form-770\" class=\"wpforms-validate wpforms-form wpforms-ajax-form\" data-formid=\"770\" method=\"post\" enctype=\"multipart\/form-data\" action=\"\/en\/wp-json\/wp\/v2\/pages\/43\" data-token=\"cb56b7295521b9909de9c7728cadc173\" data-token-time=\"1778244445\" data-trp-original-action=\"\/en\/wp-json\/wp\/v2\/pages\/43\"><noscript class=\"wpforms-error-noscript\">Please enable JavaScript in your browser to complete this form.<\/noscript><div class=\"wpforms-hidden\" id=\"wpforms-error-noscript\">Please enable JavaScript in your browser to complete this form.<\/div><div class=\"wpforms-field-container\"><div id=\"wpforms-770-field_1-container\" class=\"wpforms-field wpforms-field-name\" data-field-id=\"1\"><label class=\"wpforms-field-label\" for=\"wpforms-770-field_1\">Full name <span class=\"wpforms-required-label\" aria-hidden=\"true\">*<\/span><\/label><input type=\"text\" id=\"wpforms-770-field_1\" class=\"wpforms-field-large wpforms-field-required\" name=\"wpforms[fields][1]\" aria-errormessage=\"wpforms-770-field_1-error\" required><\/div><div id=\"wpforms-770-field_2-container\" class=\"wpforms-field wpforms-field-email\" data-field-id=\"2\"><label class=\"wpforms-field-label\" for=\"wpforms-770-field_2\">E-mail address <span class=\"wpforms-required-label\" aria-hidden=\"true\">*<\/span><\/label><input type=\"email\" id=\"wpforms-770-field_2\" class=\"wpforms-field-large wpforms-field-required\" name=\"wpforms[fields][2]\" spellcheck=\"false\" aria-errormessage=\"wpforms-770-field_2-error\" required><\/div><div id=\"wpforms-770-field_5-container\" class=\"wpforms-field wpforms-field-text\" data-field-id=\"5\"><label class=\"wpforms-field-label\" for=\"wpforms-770-field_5\">Company <span class=\"wpforms-required-label\" aria-hidden=\"true\">*<\/span><\/label><input type=\"text\" id=\"wpforms-770-field_5\" class=\"wpforms-field-large wpforms-field-required\" name=\"wpforms[fields][5]\" aria-errormessage=\"wpforms-770-field_5-error\" required><\/div><div id=\"wpforms-770-field_9-container\" class=\"wpforms-field wpforms-field-select wpforms-field-select-style-classic\" data-field-id=\"9\"><label class=\"wpforms-field-label\" for=\"wpforms-770-field_9\">Industry <span class=\"wpforms-required-label\" aria-hidden=\"true\">*<\/span><\/label><select id=\"wpforms-770-field_9\" class=\"wpforms-field-large wpforms-field-required\" name=\"wpforms[fields][9]\" required=\"required\"><option value=\"\" class=\"placeholder\" disabled selected='selected'>V\u00e6lg branche...<\/option><option value=\"Bank\" >Bank<\/option><option value=\"Detail\" >Detail<\/option><option value=\"Ejendomsadministration\" >Ejendomsadministration<\/option><option value=\"Finans\" >Finans<\/option><option value=\"Forretningsservice\" >Forretningsservice<\/option><option value=\"Forsikring\" >Forsikring<\/option><option value=\"Forsyning\" >Forsyning<\/option><option value=\"IT\" >IT<\/option><option value=\"Konsulent\" >Konsulent<\/option><option value=\"Offentlig\" >Offentlig<\/option><option value=\"Pension\" >Pension<\/option><option value=\"Post\" >Post<\/option><option value=\"Transport og logistik\" >Transport og logistik<\/option><option value=\"Service\" >Service<\/option><option value=\"Social og Sundhed\" >Social og Sundhed<\/option><option value=\"Telekommunikation\" >Telekommunikation<\/option><option value=\"Uddannelse\" >Uddannelse<\/option><option value=\"Andet\" >Andet<\/option><\/select><\/div><\/div><!-- .wpforms-field-container --><div class=\"wpforms-submit-container\" ><input type=\"hidden\" name=\"wpforms[id]\" value=\"770\"><input type=\"hidden\" name=\"page_title\" value=\"\"><input type=\"hidden\" name=\"page_url\" value=\"https:\/\/mit.dk\/en\/wp-json\/wp\/v2\/pages\/43\"><input type=\"hidden\" name=\"url_referer\" value=\"\"><button type=\"submit\" name=\"wpforms[submit]\" id=\"wpforms-submit-770\" class=\"wpforms-submit red-button\" data-alt-text=\"Sender...\" data-submit-text=\"Indsend\" aria-live=\"assertive\" value=\"wpforms-submit\">Send<\/button><img loading=\"lazy\" decoding=\"async\" src=\"\/wp-content\/plugins\/wpforms\/assets\/images\/submit-spin.svg\" class=\"wpforms-submit-spinner\" style=\"display: none;\" width=\"26\" height=\"26\" alt=\"Loading\"><\/div><input type=\"hidden\" name=\"trp-form-language\" value=\"en\"\/><\/form><\/div>  <!-- .wpforms-container -->\n<br \/>\n<p>When you share your contact information, you consent to mit.dk sending you emails with marketing content. We comply with GDPR (General Data Protection Regulation), which means that we protect your personal data and do not share it with third parties without your permission.<\/p>\n<p>You can unsubscribe from receiving further emails at any time by clicking the unsubscribe link at the bottom of the emails you receive.<\/p>\n<p>By submitting your information, you accept our <a href=\"\/en\/privatlivspolitik\/\">privacy policy<\/a> and <a href=\"\/en\/brugervilkaar\/\">terms and conditions<\/a>.<\/p>\t\n\t\t\t<a href=\"\/en\/nyheder\/\" target=\"_self\">\n\t\t\t\t\t\t\tMore news\n\t\t\t\t\t<\/a>","protected":false},"excerpt":{"rendered":"<p>Din digitale indgang til alt det vigtige fra det offentlige og private &#8211; sikkert og simpelt. LOG IND MED Opret ny bruger 4 m\u00e5der din hverdag bliver lettere p\u00e5 Du beh\u00f8ver ikke \u00e5bne din netbank og manuelt betale dine regninger. Du kan let betale med et enkelt klik i mit.dk. Slip for at printe, scanne&hellip;<\/p>","protected":false},"author":1,"featured_media":0,"parent":0,"menu_order":0,"comment_status":"closed","ping_status":"closed","template":"","meta":{"footnotes":""},"class_list":["post-43","page","type-page","status-publish","hentry"],"_links":{"self":[{"href":"https:\/\/mit.dk\/en\/wp-json\/wp\/v2\/pages\/43","targetHints":{"allow":["GET"]}}],"collection":[{"href":"https:\/\/mit.dk\/en\/wp-json\/wp\/v2\/pages"}],"about":[{"href":"https:\/\/mit.dk\/en\/wp-json\/wp\/v2\/types\/page"}],"author":[{"embeddable":true,"href":"https:\/\/mit.dk\/en\/wp-json\/wp\/v2\/users\/1"}],"replies":[{"embeddable":true,"href":"https:\/\/mit.dk\/en\/wp-json\/wp\/v2\/comments?post=43"}],"version-history":[{"count":79,"href":"https:\/\/mit.dk\/en\/wp-json\/wp\/v2\/pages\/43\/revisions"}],"predecessor-version":[{"id":1732,"href":"https:\/\/mit.dk\/en\/wp-json\/wp\/v2\/pages\/43\/revisions\/1732"}],"wp:attachment":[{"href":"https:\/\/mit.dk\/en\/wp-json\/wp\/v2\/media?parent=43"}],"curies":[{"name":"wp","href":"https:\/\/api.w.org\/{rel}","templated":true}]}}