{"id":168,"date":"2024-10-24T14:13:54","date_gmt":"2024-10-24T12:13:54","guid":{"rendered":"https:\/\/mitdk-akh3f7ajhwc2esfk.swedencentral-01.azurewebsites.net\/?page_id=168"},"modified":"2025-01-02T13:48:30","modified_gmt":"2025-01-02T12:48:30","slug":"cookies","status":"publish","type":"page","link":"https:\/\/mit.dk\/en\/cookies","title":{"rendered":"Cookies"},"content":{"rendered":"<h1>Cookie policy for www.mit.dk<\/h1>\n<p>Netcompany A\/S (&#8220;mit.dk&#8221;) \u00f8nsker at tilbyde en overskuelig hjemmeside med det indhold, der er mest relevant for dig. For at det kan lade sig g\u00f8re, bruger vi teknologier, som kan indsamle oplysninger om dig, og om hvordan du og andre bes\u00f8gende bruger www.mit.dk (&#8220;Hjemmesiden&#8221;). Vi \u00f8nsker med denne politik at skabe gennemsigtighed og give dig et fuldt overblik over, hvad behandlingen af dine oplysninger indeb\u00e6rer, hvad du skal v\u00e6re opm\u00e6rksom p\u00e5, samt hvilke muligheder du har for at mods\u00e6tte dig behandlingen.<\/p>\n<h2>Processing of personal data by the use of cookies<\/h2>\n<p>mit.dk's use of cookies may include processing of personal data, and we therefore recommend that you also read our privacy policy. The Privacy Policy describes our processing of personal data and your rights.<\/p>\n<h2>Consent<\/h2>\n<p>By accepting mit.dk's use of cookies other than necessary cookies, you consent to mit.dk using cookies as described in the scheme below. You may at any time change or withdraw your consent in the cookie overview.<\/p>\n<h2>What are cookies?<\/h2>\n<p>Cookies er sm\u00e5 tekstfiler, som Hjemmesiden kan anbringe p\u00e5 din computers harddisk, smartphone eller andet elektronisk udstyr. Ordet &#8220;cookies&#8221; betyder i denne politik og i samtykket dog ogs\u00e5 andre former for automatisk dataindsamling, f.eks. Flash-cookies (Local Shared Objects), Web Storage (HTML5), Javascripts eller cookies sat ved brug af andet software. Ordet &#8220;cookies&#8221; omfatter ogs\u00e5 oplysninger om IP-adresse og andre oplysninger om dit device.<\/p>\n<p>Cookies can be used by both mit.dk and third parties.<\/p>\n<p>Der findes grundl\u00e6ggende to typer cookies, &#8220;midlertidige&#8221; og &#8220;permanente&#8221;. De midlertidige cookies er knyttet til det aktuelle bes\u00f8g p\u00e5 Hjemmesiden og slettes automatisk, n\u00e5r du lukker din webbrowser. De permanente cookies vil derimod blive lagret p\u00e5 dit udstyr. Permanente cookies sletter sig selv efter en vis periode, men vil blive fornyet hver gang du bes\u00f8ger Hjemmesiden.<\/p>\n<p>See the cookie overview below for more information on what kind of cookies we are using and the purpose of our use of cookies.<\/p>\n<h2>How to avoid and delete cookies?<\/h2>\n<p>If you do not want mit.dk to place or read cookies on your equipment, you have the possibility of opting out of cookies in your browser, where you can choose which cookies that should be allowed, blocked or deleted. How to do so depends on what kind of browser you are using. Be aware that if you are using multiple browsers you will have to delete the cookies in all of them. As a user, you need to be aware that the Website might not function 100 % optimally if you delete or block cookies.<\/p>\n<h2>What cookies are used and for what purposes?<\/h2>\n<p>Below you can see what cookies the Website uses, for which purpose each cookie is used, who places the cookie and how long the cookie is stored on your device.<\/p>\n\t<br \/>\n<br \/>\n<script\n\t\ttype=\"text\/javascript\"\n\t\tid=\"CookieDeclaration\"\n\t\tsrc=\"https:\/\/consent.cookiebot.com\/7f6e09ff-2b4d-4e54-8823-73340b21c9c2\/cd.js\"\n\t\t\tdata-culture=\"EN\"\n\t\tasync><\/script>\n<br \/>","protected":false},"excerpt":{"rendered":"<p>Cookiepolitik for www.mit.dk Netcompany A\/S (&#8220;mit.dk&#8221;) \u00f8nsker at tilbyde en overskuelig hjemmeside med det indhold, der er mest relevant for dig. For at det kan lade sig g\u00f8re, bruger vi teknologier, som kan indsamle oplysninger om dig, og om hvordan du og andre bes\u00f8gende bruger www.mit.dk (&#8220;Hjemmesiden&#8221;). Vi \u00f8nsker med denne politik at skabe gennemsigtighed&hellip;<\/p>","protected":false},"author":1,"featured_media":0,"parent":0,"menu_order":0,"comment_status":"closed","ping_status":"closed","template":"","meta":{"footnotes":""},"class_list":["post-168","page","type-page","status-publish","hentry"],"_links":{"self":[{"href":"https:\/\/mit.dk\/en\/wp-json\/wp\/v2\/pages\/168","targetHints":{"allow":["GET"]}}],"collection":[{"href":"https:\/\/mit.dk\/en\/wp-json\/wp\/v2\/pages"}],"about":[{"href":"https:\/\/mit.dk\/en\/wp-json\/wp\/v2\/types\/page"}],"author":[{"embeddable":true,"href":"https:\/\/mit.dk\/en\/wp-json\/wp\/v2\/users\/1"}],"replies":[{"embeddable":true,"href":"https:\/\/mit.dk\/en\/wp-json\/wp\/v2\/comments?post=168"}],"version-history":[{"count":14,"href":"https:\/\/mit.dk\/en\/wp-json\/wp\/v2\/pages\/168\/revisions"}],"predecessor-version":[{"id":1508,"href":"https:\/\/mit.dk\/en\/wp-json\/wp\/v2\/pages\/168\/revisions\/1508"}],"wp:attachment":[{"href":"https:\/\/mit.dk\/en\/wp-json\/wp\/v2\/media?parent=168"}],"curies":[{"name":"wp","href":"https:\/\/api.w.org\/{rel}","templated":true}]}}