{"id":1151,"date":"2024-11-26T10:36:15","date_gmt":"2024-11-26T09:36:15","guid":{"rendered":"https:\/\/mitdk-prod-b3cphaemhph8gef8.swedencentral-01.azurewebsites.net\/?page_id=1151"},"modified":"2024-12-16T14:11:05","modified_gmt":"2024-12-16T13:11:05","slug":"kontakt","status":"publish","type":"page","link":"https:\/\/mit.dk\/en\/kontakt","title":{"rendered":"Kontakt"},"content":{"rendered":"<h1>\n\t\tDo you want to know more?\n\t<\/h1>\n\t<div class=\"wpforms-container wpforms-container-full wpforms-render-modern\" id=\"wpforms-1436\"><form id=\"wpforms-form-1436\" class=\"wpforms-validate wpforms-form wpforms-ajax-form\" data-formid=\"1436\" method=\"post\" enctype=\"multipart\/form-data\" action=\"\/en\/wp-json\/wp\/v2\/pages\/1151\" data-token=\"4ecf13f3ab217eb08d52876b98f388fa\" data-token-time=\"1777899886\" data-trp-original-action=\"\/en\/wp-json\/wp\/v2\/pages\/1151\"><noscript class=\"wpforms-error-noscript\">Please enable JavaScript in your browser to complete this form.<\/noscript><div class=\"wpforms-hidden\" id=\"wpforms-error-noscript\">Please enable JavaScript in your browser to complete this form.<\/div><div class=\"wpforms-field-container\"><div id=\"wpforms-1436-field_12-container\" class=\"wpforms-field wpforms-field-layout\" data-field-id=\"12\"><div class=\"wpforms-field-layout-rows wpforms-field-large\"><div class=\"wpforms-layout-row\"><div class=\"wpforms-layout-column wpforms-layout-column-50\"><div id=\"wpforms-1436-field_1-container\" class=\"wpforms-field wpforms-field-name\" data-field-id=\"1\"><label class=\"wpforms-field-label\" for=\"wpforms-1436-field_1\">Your name <span class=\"wpforms-required-label\" aria-hidden=\"true\">*<\/span><\/label><input type=\"text\" id=\"wpforms-1436-field_1\" class=\"wpforms-field-large wpforms-field-required\" name=\"wpforms[fields][1]\" aria-errormessage=\"wpforms-1436-field_1-error\" required><\/div><\/div><div class=\"wpforms-layout-column wpforms-layout-column-50\"><div id=\"wpforms-1436-field_2-container\" class=\"wpforms-field wpforms-field-email\" data-field-id=\"2\"><label class=\"wpforms-field-label\" for=\"wpforms-1436-field_2\">E-mail address <span class=\"wpforms-required-label\" aria-hidden=\"true\">*<\/span><\/label><input type=\"email\" id=\"wpforms-1436-field_2\" class=\"wpforms-field-large wpforms-field-required\" name=\"wpforms[fields][2]\" spellcheck=\"false\" aria-errormessage=\"wpforms-1436-field_2-error\" required><\/div><\/div><\/div><div class=\"wpforms-layout-row\"><div class=\"wpforms-layout-column wpforms-layout-column-50\"><div id=\"wpforms-1436-field_10-container\" class=\"wpforms-field wpforms-field-text\" data-field-id=\"10\"><label class=\"wpforms-field-label\" for=\"wpforms-1436-field_10\">Telephone number <span class=\"wpforms-required-label\" aria-hidden=\"true\">*<\/span><\/label><input type=\"text\" id=\"wpforms-1436-field_10\" class=\"wpforms-field-large wpforms-field-required\" name=\"wpforms[fields][10]\" aria-errormessage=\"wpforms-1436-field_10-error\" required><\/div><\/div><div class=\"wpforms-layout-column wpforms-layout-column-50\"><div id=\"wpforms-1436-field_5-container\" class=\"wpforms-field wpforms-field-text\" data-field-id=\"5\"><label class=\"wpforms-field-label\" for=\"wpforms-1436-field_5\">Company <span class=\"wpforms-required-label\" aria-hidden=\"true\">*<\/span><\/label><input type=\"text\" id=\"wpforms-1436-field_5\" class=\"wpforms-field-large wpforms-field-required\" name=\"wpforms[fields][5]\" aria-errormessage=\"wpforms-1436-field_5-error\" required><\/div><\/div><\/div><\/div><\/div><div id=\"wpforms-1436-field_11-container\" class=\"wpforms-field wpforms-field-textarea\" data-field-id=\"11\"><label class=\"wpforms-field-label\" for=\"wpforms-1436-field_11\">Message<\/label><textarea id=\"wpforms-1436-field_11\" class=\"wpforms-field-medium\" name=\"wpforms[fields][11]\" aria-errormessage=\"wpforms-1436-field_11-error\" ><\/textarea><\/div><\/div><!-- .wpforms-field-container --><div class=\"wpforms-submit-container\" ><input type=\"hidden\" name=\"wpforms[id]\" value=\"1436\"><input type=\"hidden\" name=\"page_title\" value=\"\"><input type=\"hidden\" name=\"page_url\" value=\"https:\/\/mit.dk\/en\/wp-json\/wp\/v2\/pages\/1151\"><input type=\"hidden\" name=\"url_referer\" value=\"\"><button type=\"submit\" name=\"wpforms[submit]\" id=\"wpforms-submit-1436\" class=\"wpforms-submit contact-button\" data-alt-text=\"Sender...\" data-submit-text=\"Jeg vil gerne vide mere\" aria-live=\"assertive\" value=\"wpforms-submit\">I want to know more<\/button><img loading=\"lazy\" decoding=\"async\" src=\"\/wp-content\/plugins\/wpforms\/assets\/images\/submit-spin.svg\" class=\"wpforms-submit-spinner\" style=\"display: none;\" width=\"26\" height=\"26\" alt=\"Loading\"><\/div><input type=\"hidden\" name=\"trp-form-language\" value=\"en\"\/><\/form><\/div>  <!-- .wpforms-container -->\n\t<p><strong>Do you want to know how your company can also save time, money, and resources by making digital communication secure and easy?<\/strong><\/p>\n<p>Would you like to hear more about our unique solutions for online payment, digital signature, and information collection?<\/p>\n<p>Are you curious to know more about why your company should use mit.dk as a communication platform?<\/p>\n<p>Fill out the form, and we will contact you without any obligation. You are also welcome to call us at +45 70802580.<\/p>\n\t<p>When you submit the above form, you simultaneously consent to mit.dk processing and using the submitted personal data to contact you. You always have the option to withdraw your consent by contacting us or replying to the emails you receive from us. The personal data will be processed in accordance with our <a href=\"\/en\/privatlivspolitik\/\">privacy policy<\/a>.<\/p>","protected":false},"excerpt":{"rendered":"<p>Vil du gerne vide mere? Vil du vide hvordan din virksomhed ogs\u00e5 kan spare tid, penge og ressourcer p\u00e5 at g\u00f8re digital kommunikation sikker og nem? Vil du h\u00f8re mere om vores unikke l\u00f8sninger til bl.a. online betaling, digital underskrift og indsamling af information? Er du nysgerrig p\u00e5 at vide mere om hvorfor din virksomhed&hellip;<\/p>","protected":false},"author":1,"featured_media":0,"parent":0,"menu_order":0,"comment_status":"closed","ping_status":"closed","template":"","meta":{"footnotes":""},"class_list":["post-1151","page","type-page","status-publish","hentry"],"_links":{"self":[{"href":"https:\/\/mit.dk\/en\/wp-json\/wp\/v2\/pages\/1151","targetHints":{"allow":["GET"]}}],"collection":[{"href":"https:\/\/mit.dk\/en\/wp-json\/wp\/v2\/pages"}],"about":[{"href":"https:\/\/mit.dk\/en\/wp-json\/wp\/v2\/types\/page"}],"author":[{"embeddable":true,"href":"https:\/\/mit.dk\/en\/wp-json\/wp\/v2\/users\/1"}],"replies":[{"embeddable":true,"href":"https:\/\/mit.dk\/en\/wp-json\/wp\/v2\/comments?post=1151"}],"version-history":[{"count":19,"href":"https:\/\/mit.dk\/en\/wp-json\/wp\/v2\/pages\/1151\/revisions"}],"predecessor-version":[{"id":1476,"href":"https:\/\/mit.dk\/en\/wp-json\/wp\/v2\/pages\/1151\/revisions\/1476"}],"wp:attachment":[{"href":"https:\/\/mit.dk\/en\/wp-json\/wp\/v2\/media?parent=1151"}],"curies":[{"name":"wp","href":"https:\/\/api.w.org\/{rel}","templated":true}]}}