{"id":1084,"date":"2024-11-20T13:52:14","date_gmt":"2024-11-20T12:52:14","guid":{"rendered":"https:\/\/mitdk-prod-b3cphaemhph8gef8.swedencentral-01.azurewebsites.net\/?page_id=1084"},"modified":"2024-11-28T12:18:59","modified_gmt":"2024-11-28T11:18:59","slug":"mitbasic-faq","status":"publish","type":"page","link":"https:\/\/mit.dk\/en\/mitbasic-faq","title":{"rendered":"mitbasic\/FAQ"},"content":{"rendered":"<h1>\n\t\tFrequently asked questions\n\t<\/h1>\n\t<p>Here you can find answers to some of the most frequently asked questions about mitBasic. If you don't find the answer you're looking for, you can contact customer service at mitbasic@mit.dk or by phone at +45 7080 2590.<\/p>\n\t\t\t\t\t<a href=\"#\" id=\"fl-accordion--label-0\" tabindex=\"0\" aria-controls=\"fl-accordion--panel-0\">What is mitBasic?<\/a>\n\t\t\t\t\t<p>mitBasic is for those who do not have MitID and therefore cannot receive mail on mit.dk. mitBasic gives you access to digital messages, such as pay slips from your employer.<\/p>\n<p>With mitBasic, your email address is used as your unique ID, allowing your employer to send important messages to you via mitBasic. Make sure to use an email address you will retain access to, such as your personal email rather than your work email.<\/p>\n<p>Be aware that your mitBasic user profile must match the email address you provide to your employer.<\/p>\n\t\t\t\t\t<a href=\"#\" id=\"fl-accordion--label-1\" tabindex=\"0\" aria-controls=\"fl-accordion--panel-1\">Do I need mitBasic?<\/a>\n\t\t\t\t\t<p>If you are over 13 years old, a citizen of Denmark, and have MitID, you cannot use mitBasic. Instead, you must use mit.dk.<\/p>\n\t\t\t\t\t<a href=\"#\" id=\"fl-accordion--label-2\" tabindex=\"0\" aria-controls=\"fl-accordion--panel-2\">How do I log in to mitBasic?<\/a>\n\t\t\t\t\t<p>F\u00f8rste gang du logger ind p\u00e5 mitBasic, skal du oprette din egen mitBasic konto. Du skal derfor trykke p\u00e5 &#8220;Opret konto&#8221;. Herefter vil du bl.a. blive bedt om at indtaste din e-mailadresse og dit selvvalgte kodeord.<\/p>\n<p>For at verificere oprettelsen af kontoen og anvendte e-mail, vil du f\u00e5 tilsendt en verifikationskode til din private e-mail. Indtast koden og tryk &#8220;Forts\u00e6t&#8221; p\u00e5 hjemmesiden. Du kan benytte din foretrukne authenticator app, fx Google Authenticator, eller en authenticator app med lignende funktionalitet. Derefter skal du indtaste den 6-cifrede kode, som fremg\u00e5r i den valgte authenticator app.<\/p>\n<p>You will also need to specify whether you want to receive notifications when there are new messages for you in mitBasic.<\/p>\n<p>For future logins, you only need to log in with your email address and password. Each time you log in, you will receive a verification code via your authenticator app, which you will be asked to enter for security reasons.<\/p>\n\t\t\t\t\t<a href=\"#\" id=\"fl-accordion--label-3\" tabindex=\"0\" aria-controls=\"fl-accordion--panel-3\">How do I get an authenticator app?<\/a>\n\t\t\t\t\t<p>You can use your preferred authenticator app, such as Google Authenticator, or any other app with similar functionality. You can download apps like Google Authenticator, Microsoft Authenticator, or a similar authenticator with the same functionality from the App Store or Google Play, just like you would download any other app.<\/p>\n\t\t\t\t\t<a href=\"#\" id=\"fl-accordion--label-4\" tabindex=\"0\" aria-controls=\"fl-accordion--panel-4\">What can I do in mitBasic?<\/a>\n\t\t\t\t\t<p>In mitBasic, you can receive, read, and forward messages from your employer, who sends messages to you through mitBasic.<\/p>\n\t\t\t\t\t<a href=\"#\" id=\"fl-accordion--label-5\" tabindex=\"0\" aria-controls=\"fl-accordion--panel-5\">What should I do if I have questions about messages in mitBasic?<\/a>\n\t\t\t\t\t<p>If you have questions about the messages you receive in mitBasic, you should contact the company that sent you the message.<\/p>\n\t\t\t\t\t<a href=\"#\" id=\"fl-accordion--label-6\" tabindex=\"0\" aria-controls=\"fl-accordion--panel-6\">Does it cost anything to use mitBasic?<\/a>\n\t\t\t\t\t<p>No, it is free to use mitBasic.<\/p>\n\t\t\t\t\t<a href=\"#\" id=\"fl-accordion--label-7\" tabindex=\"0\" aria-controls=\"fl-accordion--panel-7\">Forgot your password?<\/a>\n\t\t\t\t\t<p>If you have forgotten your password, you should do the following:<\/p>\n<ol>\n<li>Tryk p\u00e5 &#8220;Glemt adgangskode&#8221; p\u00e5 forsiden af mitBasic<\/li>\n<li>Enter your e-mail address<\/li>\n<li>You will now receive an email with a link to reset your password<\/li>\n<li>Click the link<\/li>\n<li>Enter your new password<\/li>\n<li>Herefter indtast verifikationskoden fra din authenticator app og tryk &#8220;Opdater adgangskode&#8221;<\/li>\n<li>Go back to the login page and log in<\/li>\n<\/ol>\n\t\t\t\t\t<a href=\"#\" id=\"fl-accordion--label-8\" tabindex=\"0\" aria-controls=\"fl-accordion--panel-8\">Can I change my e-mail in mitBasic?<\/a>\n\t\t\t\t\t<p>Har du f\u00e5et ny e-mailadresse, er det muligt at \u00e6ndre din e-mail i mitBasic samtidig med at du fortsat har adgang til dine tidligere beskeder. Husk at oplyse din arbejdsgiver om din nye e-mailadresse &#8211; ellers vil du ikke modtage dine nye beskeder.<\/p>\n<p>You can change your email address in the following way:<\/p>\n<ol>\n<li>Click on your profile\/your name in the top right corner<\/li>\n<li>Tryk p\u00e5 &#8220;Konto &amp; Notifikationer&#8221;<\/li>\n<li>Tryk p\u00e5 &#8220;rediger&#8221; ikonet<\/li>\n<li>Tryk p\u00e5 &#8220;\u00c6ndre e-mail&#8221;<\/li>\n<li>Enter your new e-mail<\/li>\n<li>Indtast dit kodeord for at opdatere til din nye e-mail og tryk &#8220;Forts\u00e6t&#8221;<\/li>\n<li>A verification code will be sent to your new email<\/li>\n<li>Indtast verificeringskoden fra din authenticator app og tryk &#8220;Forts\u00e6t&#8221;<\/li>\n<\/ol>\n\t\t\t\t\t<a href=\"#\" id=\"fl-accordion--label-9\" tabindex=\"0\" aria-controls=\"fl-accordion--panel-9\">How do I delete my mitBasic account?<\/a>\n\t\t\t\t\t<p>Please be aware that when you delete your account, your messages will be permanently deleted.<\/p>\n<p>You delete your mitBasic account in the following way:<\/p>\n<ol>\n<li>Click on your profile\/your name in the top right corner<\/li>\n<li>Tryk p\u00e5 &#8220;Konto &amp; Notifikationer&#8221;<\/li>\n<li>Tryk p\u00e5 &#8220;Slet konto&#8221; for at slette din mitBasic konto<\/li>\n<\/ol>\n\t\t\t\t\t<a href=\"#\" id=\"fl-accordion--label-10\" tabindex=\"0\" aria-controls=\"fl-accordion--panel-10\">Who is behind mitBasic?<\/a>\n\t\t\t\t\t<p>Netcompany A\/S developed the mitBasic platform. Netcompany is a Danish IT company, founded in 2000 with its headquarters in Copenhagen, and today has over 7,700 employees across more than 10 countries.<\/p>","protected":false},"excerpt":{"rendered":"<p>Ofte stillede sp\u00f8rgsm\u00e5l Her kan du finde svar p\u00e5 nogle af de mest stillede sp\u00f8rgsm\u00e5l om mitBasic. Finder du ikke svar p\u00e5 det, du s\u00f8ger, kan du kontakte kundeservice p\u00e5 mitbasic@mit.dk eller telefonnummer 7080 2590. Hvad er mitBasic? mitBasic er for dig, der ikke har MitID, og som derfor ikke kan modtage post i mit.dk.&hellip;<\/p>","protected":false},"author":1,"featured_media":0,"parent":0,"menu_order":0,"comment_status":"closed","ping_status":"closed","template":"","meta":{"footnotes":""},"class_list":["post-1084","page","type-page","status-publish","hentry"],"_links":{"self":[{"href":"https:\/\/mit.dk\/en\/wp-json\/wp\/v2\/pages\/1084","targetHints":{"allow":["GET"]}}],"collection":[{"href":"https:\/\/mit.dk\/en\/wp-json\/wp\/v2\/pages"}],"about":[{"href":"https:\/\/mit.dk\/en\/wp-json\/wp\/v2\/types\/page"}],"author":[{"embeddable":true,"href":"https:\/\/mit.dk\/en\/wp-json\/wp\/v2\/users\/1"}],"replies":[{"embeddable":true,"href":"https:\/\/mit.dk\/en\/wp-json\/wp\/v2\/comments?post=1084"}],"version-history":[{"count":8,"href":"https:\/\/mit.dk\/en\/wp-json\/wp\/v2\/pages\/1084\/revisions"}],"predecessor-version":[{"id":1210,"href":"https:\/\/mit.dk\/en\/wp-json\/wp\/v2\/pages\/1084\/revisions\/1210"}],"wp:attachment":[{"href":"https:\/\/mit.dk\/en\/wp-json\/wp\/v2\/media?parent=1084"}],"curies":[{"name":"wp","href":"https:\/\/api.w.org\/{rel}","templated":true}]}}