{"id":1024,"date":"2024-11-15T10:16:21","date_gmt":"2024-11-15T09:16:21","guid":{"rendered":"https:\/\/mitdk-prod-b3cphaemhph8gef8.swedencentral-01.azurewebsites.net\/?page_id=1024"},"modified":"2024-11-15T10:20:27","modified_gmt":"2024-11-15T09:20:27","slug":"log-ud","status":"publish","type":"page","link":"https:\/\/mit.dk\/en\/log-ud","title":{"rendered":"Log ud"},"content":{"rendered":"<img loading=\"lazy\" decoding=\"async\" src=\"\/wp-content\/uploads\/mitdk-logo-large-150x150.png\" alt=\"mitdk-logo-large\" itemprop=\"image\" height=\"150\" width=\"150\" title=\"mitdk-logo-large\" onerror=\"this.style.display='none'\"  \/>\n\t<h1>Farvel og p\u00e5 gensyn<\/h1>\n<p>Du er blevet logget ud.<\/p>\n\t\t\t<a href=\"https:\/\/post.mit.dk\" target=\"_self\" rel=\"noopener\">\n\t\t\t\t\t\t\tLog p\u00e5 igen\n\t\t\t\t\t<\/a>\n\t<h2>Indtil vi ses igen&#8230; har du pr\u00f8vet mit.dk appen?<\/h2>\n<p>Med mit.dk appen f\u00e5r du hurtigere adgang til din digitale post &#8211; du kan logge ind med din egen selvvalgte pinkode eller biometrisk login i stedet for at logge ind med MitID. Igennem appen bliver du ogs\u00e5 notificeret om nye beskeder i mit.dk, samt du kan se al din digitale post, n\u00e5r og hvor det passer dig. Du kan downloade appen gratis i App Store eller i Google Play.<\/p>\n\t\t\t\t<a href=\"https:\/\/apps.apple.com\/us\/app\/mit-dk\/id1581399833\" target=\"_blank\" rel=\"noopener\" itemprop=\"url\">\n\t\t\t\t<img loading=\"lazy\" decoding=\"async\" src=\"\/wp-content\/uploads\/download-badge-ios.png\" alt=\"Download on the App Store\" itemprop=\"image\" height=\"79\" width=\"234\" title=\"download-badge-ios\" onerror=\"this.style.display='none'\"  \/>\n\t\t\t\t<\/a>\n\t\t\t\t<a href=\"https:\/\/play.google.com\/store\/apps\/details?id=com.netcompany.mitdk\" target=\"_blank\" rel=\"noopener\" itemprop=\"url\">\n\t\t\t\t<img loading=\"lazy\" decoding=\"async\" src=\"\/wp-content\/uploads\/download-badge-android.png\" alt=\"Get it on Google Play\" itemprop=\"image\" height=\"71\" width=\"234\" title=\"download-badge-android\" onerror=\"this.style.display='none'\"  \/>\n\t\t\t\t<\/a>\n\t\t\t\t<img loading=\"lazy\" decoding=\"async\" src=\"\/wp-content\/uploads\/logout-illustration.png\" alt=\"logout-illustration\" itemprop=\"image\" height=\"765\" width=\"734\" title=\"logout-illustration\" onerror=\"this.style.display='none'\"  \/>","protected":false},"excerpt":{"rendered":"<p>Farvel og p\u00e5 gensyn Du er blevet logget ud. Log p\u00e5 igen Indtil vi ses igen&#8230; har du pr\u00f8vet mit.dk appen? Med mit.dk appen f\u00e5r du hurtigere adgang til din digitale post &#8211; du kan logge ind med din egen selvvalgte pinkode eller biometrisk login i stedet for at logge ind med MitID. Igennem appen&hellip;<\/p>","protected":false},"author":1,"featured_media":0,"parent":0,"menu_order":0,"comment_status":"closed","ping_status":"closed","template":"","meta":{"footnotes":""},"class_list":["post-1024","page","type-page","status-publish","hentry"],"_links":{"self":[{"href":"https:\/\/mit.dk\/en\/wp-json\/wp\/v2\/pages\/1024","targetHints":{"allow":["GET"]}}],"collection":[{"href":"https:\/\/mit.dk\/en\/wp-json\/wp\/v2\/pages"}],"about":[{"href":"https:\/\/mit.dk\/en\/wp-json\/wp\/v2\/types\/page"}],"author":[{"embeddable":true,"href":"https:\/\/mit.dk\/en\/wp-json\/wp\/v2\/users\/1"}],"replies":[{"embeddable":true,"href":"https:\/\/mit.dk\/en\/wp-json\/wp\/v2\/comments?post=1024"}],"version-history":[{"count":3,"href":"https:\/\/mit.dk\/en\/wp-json\/wp\/v2\/pages\/1024\/revisions"}],"predecessor-version":[{"id":1036,"href":"https:\/\/mit.dk\/en\/wp-json\/wp\/v2\/pages\/1024\/revisions\/1036"}],"wp:attachment":[{"href":"https:\/\/mit.dk\/en\/wp-json\/wp\/v2\/media?parent=1024"}],"curies":[{"name":"wp","href":"https:\/\/api.w.org\/{rel}","templated":true}]}}